{"id":1518,"date":"2021-08-02T20:46:30","date_gmt":"2021-08-02T20:46:30","guid":{"rendered":"https:\/\/kingtaco.com\/?page_id=1518"},"modified":"2021-08-04T00:14:57","modified_gmt":"2021-08-04T00:14:57","slug":"offtotheracesrules","status":"publish","type":"page","link":"https:\/\/kingtaco.com\/es\/offtotheracesrules\/","title":{"rendered":"Reglas de las carreras"},"content":{"rendered":"<div id=\"fws_69e3673cc3cbc\"  data-column-margin=\"default\" data-midnight=\"dark\"  class=\"wpb_row vc_row-fluid vc_row full-width-content  vc_row-o-equal-height vc_row-flex  vc_row-o-content-top   right_padding_150px left_padding_150px right_padding_tablet_40px right_padding_phone_30px left_padding_tablet_40px left_padding_phone_30px\"  style=\"padding-top: 100px; padding-bottom: 100px; \"><div class=\"row-bg-wrap\" data-bg-animation=\"none\" data-bg-overlay=\"false\"><div class=\"inner-wrap\"><div class=\"row-bg using-bg-color\"  style=\"background-color: #ffe2ce; \"><\/div><\/div><\/div><div class=\"row_col_wrap_12 col span_12 dark left\">\n\t<div  class=\"vc_col-sm-12 wpb_column column_container vc_column_container col no-extra-padding inherit_tablet inherit_phone\"  data-padding-pos=\"all\" data-has-bg-color=\"false\" data-bg-color=\"\" data-bg-opacity=\"1\" data-animation=\"\" data-delay=\"0\" >\n\t\t<div class=\"vc_column-inner\" >\n\t\t\t<div class=\"wpb_wrapper\">\n\t\t\t\t\r\n<div class=\"wpb_text_column wpb_content_element\" >\r\n\t<div class=\"wpb_wrapper\">\r\n\t\t<h4 style=\"text-align: center;\"><b>RESTAURANTE KING TACO, INC.<\/b><\/h4>\n<h4 style=\"text-align: center;\"><b>CONCURSO \u201cA LAS CARRERAS\u201d<\/b><\/h4>\n<h4 style=\"text-align: center;\"><b>REGLAS OFICIALES<\/b><\/h4>\n<h4 style=\"text-align: center;\"><b>NO SE NECESITA COMPRA O PAGO DE NING\u00daN TIPO PARA PARTICIPAR O GANAR. <\/b><\/h4>\n<h4 style=\"text-align: center;\"><b>UNA COMPRA NO AUMENTAR\u00c1 SUS POSIBILIDADES DE GANAR.<\/b><\/h4>\n<h4 style=\"text-align: center;\"><b>ABIERTO SOLAMENTE PARA RESIDENTES LEGALES DE CALIFORNIA ELEGIBLES\u00a0<\/b><b>QUIENES TENGAN 18 A\u00d1OS O M\u00c1S<\/b><\/h4>\n<h4 style=\"text-align: center;\"><b>NULO DONDE EST\u00c9 PROHIBIDO O RESTRINGIDO POR LA LEY<\/b><\/h4>\n\t<\/div>\r\n<\/div>\r\n\r\n\r\n\r\n\r\n<div class=\"wpb_text_column wpb_content_element\" >\r\n\t<div class=\"wpb_wrapper\">\r\n\t\t<ol>\n<li>GENERAL. Este concurso &quot;A la carrera&quot; (el &quot;Concurso&quot;) est\u00e1 patrocinado por King Taco Restaurant, Inc. (&quot;King Taco&quot;). El Concurso comienza a las 12:00 a. m., hora del Pac\u00edfico, el 3 de agosto de 2021 y finaliza a las 11:59 p. m., hora del Pac\u00edfico, el 30 de agosto de 2021 (el &quot;Per\u00edodo del Concurso&quot;). Al participar en este Concurso, acepta estar sujeto a estas Reglas oficiales y las decisiones de King Taco con respecto al Concurso, que son definitivas y vinculantes en todos los asuntos relacionados con el Concurso.<span class=\"Apple-converted-space\">\u00a0<\/span><\/li>\n<li>ELEGIBILIDAD. Para ser elegible para ingresar, debe ser residente legal de California; tener al menos 18 a\u00f1os; y tener acceso a Internet, todo a partir del 3 de agosto de 2021. Cualquier persona que sea un empleado, contratista, funcionario, director, agente u otro representante de King Taco, o de cualquiera de sus afiliados o agencias, y todos los miembros inmediatos de dicha persona la familia y las personas que viven en el mismo hogar con dicha persona, no son elegibles para participar en este Concurso. El Concurso es nulo fuera de California y donde lo proh\u00edba la ley, y est\u00e1 sujeto a todas las leyes y reglamentaciones federales, estatales y locales aplicables. <span class=\"Apple-converted-space\">\u00a0<\/span><\/li>\n<li>C\u00d3MO ENTRAR; PROPUESTA DEL CONCURSO. Para participar en el Concurso, escriba una historia corta de aventuras (hasta 1200 palabras) que comience con usted entrando en un restaurante King Taco y lo lleve a una pista de carreras ficticia o sin nombre (el &quot;Aviso del concurso&quot;), y env\u00ede su historia corta a King Taco durante el Per\u00edodo del Concurso en <a href=\"http:\/\/www.kingtaco.com\/offtotherace\">www.kingtaco.com\/offtotherace<\/a>. <b>L\u00cdMITE DE UNA (1) ENTRADA POR PERSONA.<\/b> Debe tener una direcci\u00f3n de correo electr\u00f3nico v\u00e1lida para participar en el Concurso. Para calificar, su participaci\u00f3n debe recibirse durante el Per\u00edodo del Concurso. Cualquier participante que no proporcione la informaci\u00f3n requerida al ingresar puede ser descalificado. Todas las entradas pasan a ser propiedad de King Taco y no se devolver\u00e1n. Cualquier persona que env\u00ede una historia que King Taco considere, a su exclusivo criterio, inapropiada (incluido cualquier mensaje u otro contenido falso, enga\u00f1oso, infractor, difamatorio, abusivo, amenazante, obsceno o inapropiado) puede ser descalificada del Concurso.<\/li>\n<li>T\u00c9RMINOS ADICIONALES CON RESPECTO A LAS HISTORIAS ENVIADAS. La historia que env\u00ede para participar en el Concurso no debe: (i) usar ni hacer referencia a ning\u00fan piloto de carreras o nombre de equipo, ning\u00fan otro atleta o celebridad, ni ninguna marca comercial, logotipo, mascota o eslogan; (ii) contener cualquier material creado por un tercero (que no sea material de dominio p\u00fablico) o que pueda estar sujeto a protecci\u00f3n de propiedad intelectual (como, entre otros, marcas comerciales, logotipos, letras o personajes ficticios); (iii) ser sexualmente expl\u00edcito o sugerente, innecesariamente violento o despectivo,<span class=\"Apple-converted-space\">\u00a0 <\/span>promover el alcohol, las drogas ilegales, el tabaco, las armas de fuego\/armas (o el uso de cualquiera de los anteriores), cualquier actividad que pueda parecer insegura o peligrosa, o promover cualquier agenda o mensaje pol\u00edtico en particular; (iv) contener cualquier contenido falso, enga\u00f1oso, infractor, difamatorio, abusivo, amenazante, obsceno o inapropiado seg\u00fan el criterio exclusivo de King Taco; (v) respaldar cualquier forma de odio o grupo de odio; (vi) se hayan presentado en cualquier otro concurso o competencia; (vii) hayan sido publicados en cualquier otro medio\/foro; (viii) infringir los derechos de terceros, incluidos, entre otros, los derechos de autor o de marca registrada; o (ix) violar cualquier ley, regla o regulaci\u00f3n. Adem\u00e1s, la historia que env\u00ede para participar en el Concurso debe ser su trabajo original y debe tener todos los derechos de propiedad sobre la historia. Al enviar una historia para participar en este Concurso, otorga a King Taco una licencia no exclusiva, libre de regal\u00edas, irrevocable y perpetua para usar, reproducir, modificar, publicar, crear obras derivadas y mostrar dicha historia, y para incorporar la historia en otros trabajos, en cualquier forma, medio o tecnolog\u00eda ahora conocida o desarrollada posteriormente, incluso para cualquier prop\u00f3sito promocional o de marketing. Si se solicita, ejecutar\u00e1 cualquier documentaci\u00f3n solicitada por King Taco o cualquiera de sus designados en apoyo de esta licencia. Si usa su nombre en su historia, por la presente otorga a King Taco el derecho de usar su nombre en relaci\u00f3n con dicha historia para cualquier prop\u00f3sito comercial l\u00edcito, sin compensaci\u00f3n adicional.<span class=\"Apple-converted-space\">\u00a0<\/span><\/li>\n<li>GRAN PREMIO. Un (1) ganador (determinado de acuerdo con la Secci\u00f3n 6 a continuaci\u00f3n) recibir\u00e1 el Gran Premio: un viaje para dos (2) personas a Austin, Texas, para asistir a la carrera del Gran Premio de F\u00f3rmula 1 Aramco de Estados Unidos 2021 en Austin del 21 de octubre al 24, 2021, y conocer a Antonio Giovinazzi para una comida. Espec\u00edficamente, el Gran Premio se compone de lo siguiente: (i) dos (2) boletos para transporte a\u00e9reo de ida y vuelta en clase econ\u00f3mica desde cualquier aeropuerto principal de California (sujeto a la aprobaci\u00f3n de King Taco) al Aeropuerto Internacional Austin\u2013Bergstrom; (ii) alojamiento en hotel est\u00e1ndar de ocupaci\u00f3n doble durante cuatro (4) noches (transporte de enlace desde\/hacia el aeropuerto y el hotel incluido); (iii) dos (2) boletos (uno para el ganador y otro para su invitado) para la carrera de F\u00f3rmula 1 Aramco United States Grand Prix 2021 programada del viernes 22 de octubre de 2021 al domingo 24 de octubre de 2021 (transporte desde \/al hotel y carrera incluida); y (iv) una comida con Antonio Giovinazzi para el ganador y su invitado en una fecha a determinar por King Taco. Valor minorista total aproximado (ARV) del Gran Premio: US $3,000. No se otorgar\u00e1 ninguna diferencia entre el valor declarado y el valor real. El ganador y su acompa\u00f1ante deben viajar en el mismo itinerario de vuelo, alojarse en la misma habitaci\u00f3n de hotel y cumplir con todos los requisitos de seguridad. El ganador y el invitado deben tener todos los documentos de identificaci\u00f3n y\/o de viaje necesarios (por ejemplo, una licencia de conducir v\u00e1lida de EE. UU.) requeridos para viajar. El invitado del ganador debe tener al menos 14 a\u00f1os de edad al comienzo del viaje. Si el invitado del ganador es menor de 18 a\u00f1os, el ganador debe ser el padre o tutor legal del invitado. La selecci\u00f3n de aeropuertos, aerol\u00edneas, hoteles y fechas de viaje est\u00e1 sujeta a la sola discreci\u00f3n de King Taco y est\u00e1 sujeta a cambios. Los boletos de avi\u00f3n no son reembolsables ni transferibles y no son v\u00e1lidos para ascensos de clase y\/o millas de viajero frecuente. Todos los viajes y alojamientos est\u00e1n sujetos a disponibilidad, cambios y restricciones. Se pueden aplicar ciertas restricciones y fechas restringidas. King Taco no ser\u00e1 responsable de cancelaciones, demoras, desv\u00edos o sustituciones ni de ning\u00fan acto u omisi\u00f3n por parte de las compa\u00f1\u00edas a\u00e9reas, hoteles, operadores de lugares, compa\u00f1\u00edas de transporte, proveedores de premios o cualquier otra persona que brinde servicios o alojamiento relacionados con los premios. Los detalles adicionales de la concesi\u00f3n del premio y la informaci\u00f3n de viaje se proporcionar\u00e1n al ganador en el momento de la notificaci\u00f3n. Los boletos de avi\u00f3n, vales de viaje o certificados perdidos, robados o da\u00f1ados no ser\u00e1n reemplazados ni cambiados. Todos los dem\u00e1s gastos no mencionados espec\u00edficamente en este documento son responsabilidad exclusiva del ganador y del invitado.<\/li>\n<li>CRITERIOS DE JUZGAMIENTO Y SELECCI\u00d3N DEL GANADOR. Un panel de jueces empleados (o contratados) por King Taco evaluar\u00e1 todas las participaciones elegibles recibidas para determinar el ganador en funci\u00f3n de los siguientes criterios y pesos respectivos:<span class=\"Apple-converted-space\">\u00a0<\/span><\/li>\n<\/ol>\n<table cellspacing=\"0\" cellpadding=\"0\">\n<tbody>\n<tr>\n<td valign=\"top\"><b>Criterios<\/b><\/td>\n<td valign=\"top\"><b>Peso<\/b><\/td>\n<td valign=\"top\"><b>Incompleto<\/b><\/td>\n<td valign=\"top\"><b>Ejemplar<\/b><\/td>\n<\/tr>\n<tr>\n<td valign=\"top\">Creatividad (especialmente con respecto al uso de productos King Taco y elementos del men\u00fa)<\/td>\n<td valign=\"top\">50%<\/td>\n<td valign=\"top\">Ofrece poca o ninguna originalidad en ideas, lenguaje y trama. Contiene muchos clich\u00e9s.<\/td>\n<td valign=\"top\">Descripci\u00f3n original y v\u00edvida. Incorpora elementos cautivadores e ideas creativas.<\/td>\n<\/tr>\n<tr>\n<td valign=\"top\">Pertinencia<\/td>\n<td valign=\"top\">25%<\/td>\n<td valign=\"top\">Poco o ning\u00fan intento de relacionar la historia con el Aviso del concurso (definido en la primera oraci\u00f3n de la Secci\u00f3n 3 anterior). Fuera de g\u00e9nero.<\/td>\n<td valign=\"top\">Aborda correctamente el mensaje del concurso (definido en la primera oraci\u00f3n de la Secci\u00f3n 3 anterior) y la historia sigue el g\u00e9nero especificado.<\/td>\n<\/tr>\n<tr>\n<td valign=\"top\">Organizaci\u00f3n<\/td>\n<td valign=\"top\">25%<\/td>\n<td valign=\"top\">La historia es dif\u00edcil de seguir. Las escenas parecen estar dispuestas al azar y las transiciones no son claras. Contiene varios errores gramaticales y\/u ortogr\u00e1ficos que afectan la trama general.<\/td>\n<td valign=\"top\">Bien organizado y estructurado. Tiene un principio, un medio y un final. Las ideas\/escenas se suceden con transiciones claras. La gram\u00e1tica y la ortograf\u00eda son consistentes.<\/td>\n<\/tr>\n<\/tbody>\n<\/table>\n<p>La decisi\u00f3n del panel de jueces ser\u00e1 definitiva y no estar\u00e1 sujeta a disputa de ning\u00fan tipo. El ganador ser\u00e1 seleccionado por el panel de jueces alrededor del 20 de septiembre de 2021, entre todas las participaciones elegibles recibidas por King Taco durante el Per\u00edodo del Concurso. El ganador ser\u00e1 notificado a trav\u00e9s de la direcci\u00f3n de correo electr\u00f3nico proporcionada al ingresar. El ganador debe responder dentro de los cinco (5) d\u00edas de dicha notificaci\u00f3n con la siguiente informaci\u00f3n: nombre completo, direcci\u00f3n postal, fecha de nacimiento, n\u00famero de tel\u00e9fono y nombre completo y edad del invitado. Si King Taco no puede ubicar al ganador, o si el ganador no responde o proporciona la informaci\u00f3n anterior, dentro de dicho per\u00edodo de 5 d\u00edas, o si el ganador rechaza el premio o no completa la Liberaci\u00f3n (definida a continuaci\u00f3n en esta Secci\u00f3n 6) dentro del per\u00edodo de tiempo especificado por King Taco, el premio se perder\u00e1 y se otorgar\u00e1 a un ganador alternativo (la persona con la siguiente participaci\u00f3n mejor clasificada seg\u00fan el panel de jueces) de entre todas las participaciones elegibles restantes recibidas durante el Per\u00edodo del concurso. King Taco continuar\u00e1 identificando ganadores alternativos de acuerdo con lo anterior, seg\u00fan sea necesario, hasta que se acepte el premio; siempre que, en caso de que el Gran Premio no se pueda otorgar a un ganador, se entregar\u00e1 un premio de igual o mayor valor a una organizaci\u00f3n ben\u00e9fica elegida por King Taco. La determinaci\u00f3n de King Taco de no elegibilidad o incumplimiento de estas Reglas Oficiales resultar\u00e1 en la descalificaci\u00f3n de la participaci\u00f3n. Si King Taco lo solicita, el ganador debe firmar y devolver una Declaraci\u00f3n jurada de elegibilidad y Exenci\u00f3n de responsabilidad y publicidad (&quot;Exoneraci\u00f3n&quot;) a King Taco dentro del per\u00edodo de tiempo especificado por King Taco.<\/p>\n<ol start=\"7\">\n<li>PROBABILIDADES DE GANAR. Las probabilidades de ganar el Gran Premio depender\u00e1n de la cantidad de participaciones elegibles recibidas durante el Per\u00edodo del Concurso.<\/li>\n<li>OTRAS CONDICIONES RELACIONADAS CON EL GRAN PREMIO. Todos los costos asociados con la entrega del Gran Premio al ganador son responsabilidad de King Taco. Cualquier otro gasto, incluidos todos los impuestos federales, estatales y locales (si los hubiere), asociado con la recepci\u00f3n del Gran Premio ser\u00e1 responsabilidad exclusiva del ganador. El Gran Premio (y cualquier componente del mismo) no es sustituible excepto por King Taco a su sola discreci\u00f3n con uno de igual o mayor valor. El Gran Premio (y cualquier componente del mismo) no es asignable ni transferible, y no puede canjearse por dinero en efectivo. Los premios perdidos o robados no ser\u00e1n reemplazados; el ganador correr\u00e1 con todos los riesgos de p\u00e9rdida o da\u00f1o del Gran Premio (o cualquier componente del mismo) despu\u00e9s de que haya sido entregado al ganador. KING TACO NO OFRECE GARANT\u00cdAS DE NING\u00daN TIPO, YA SEA EXPRESA O IMPL\u00cdCITA, INCLUYENDO PERO NO LIMITADO A CUALQUIER GARANT\u00cdA IMPL\u00cdCITA DE COMERCIABILIDAD O IDONEIDAD PARA UN PROP\u00d3SITO EN PARTICULAR, CON RESPECTO A CUALQUIER PREMIO OTORGADO EN ESTE CONCURSO.<span class=\"Apple-converted-space\">\u00a0<\/span><\/li>\n<li>LIBERACI\u00d3N DE PUBLICIDAD. Al participar en este Concurso, otorga a King Taco el derecho de usar su nombre, en relaci\u00f3n con la historia que env\u00ede para participar en el Concurso, con fines publicitarios, publicitarios, promocionales y de otro tipo en todos y cada uno de los medios, ahora o en el futuro, en todo el mundo a perpetuidad, sin compensaci\u00f3n adicional, notificaci\u00f3n o permiso, excepto donde lo proh\u00edba la ley.<span class=\"Apple-converted-space\">\u00a0<\/span><\/li>\n<li>OTROS TERMINOS. La decisi\u00f3n de King Taco es definitiva en todos los asuntos relacionados con este Concurso, incluidos los asuntos que se produzcan debido a errores imprevistos, mec\u00e1nicos, humanos o de otro tipo. AL PARTICIPAR EN ESTE CONCURSO, USTED LIBERA A KING TACO DE TODOS LOS COSTOS, RECLAMACIONES, DA\u00d1OS O LESIONES, YA SEA POR NEGLIGENCIA O DE OTRA FORMA, A PERSONAS O PROPIEDAD (INCLUIDA LA MUERTE) DEBIDO DE CUALQUIER FORMA A LA PARTICIPACI\u00d3N EN ESTE CONCURSO O USO DE CUALQUIER PREMIO. King Taco se reserva el derecho, a su exclusivo criterio, de descalificar a cualquier persona que manipule el proceso de participaci\u00f3n o que env\u00ede cualquier contenido que King Taco considere inapropiado. Los participantes no pueden usar ning\u00fan dispositivo o artificio para participar en este Concurso varias veces o como participantes m\u00faltiples.<span class=\"Apple-converted-space\">\u00a0<\/span><\/li>\n<li>LIMITACIONES DE RESPONSABILIDAD. Al participar en el Concurso, cada participante acepta que: (a) King Taco y sus afiliados y agencias, as\u00ed como los respectivos funcionarios, directores, empleados y agentes de cada uno de los anteriores, no ser\u00e1n responsables de, y por el presente liberado de todos y cada uno de los costos, lesiones, p\u00e9rdidas o da\u00f1os de cualquier tipo, incluidos, entre otros, la muerte y las lesiones corporales, debido en su totalidad o en parte, directa o indirectamente, a la participaci\u00f3n en el Concurso o cualquier actividad relacionada con el Concurso, o de la aceptaci\u00f3n, recibo, posesi\u00f3n y\/o uso o uso indebido de un premio por parte del participante (incluido cualquier viaje o actividad relacionada con el mismo); (b) bajo ninguna circunstancia se le permitir\u00e1 al participante obtener premios por da\u00f1os incidentales, consecuentes o cualquier otro da\u00f1o indirecto, y el participante renuncia por la presente a todos los derechos a reclamar, que no sean los gastos de bolsillo reales; y (c) todos y cada uno de los reclamos, juicios y adjudicaciones se limitar\u00e1n a los costos de desembolso reales incurridos, sin incluir los honorarios de abogados y los costos judiciales. King Taco no ser\u00e1 responsable de ning\u00fan error tipogr\u00e1fico, administrativo o de otro tipo en los materiales relacionados con el Concurso. La responsabilidad por cualquier premio que contenga errores de imprenta o de otro tipo se limita a la sustituci\u00f3n por otro premio. King Taco no est\u00e1 obligado a distribuir m\u00e1s premios que los establecidos en estas Reglas oficiales. Si el Concurso se ve comprometido por circunstancias que interfieren o corrompen el funcionamiento previsto, la seguridad o la imparcialidad del Concurso, King Taco se reserva el derecho, a su exclusivo criterio, de interrumpir, suspender o finalizar el Concurso y proceder a distribuir los premios en una manera que determine, a su entera discreci\u00f3n, justa y razonable.<span class=\"Apple-converted-space\">\u00a0<\/span><\/li>\n<li>LEY QUE RIGE. Cualquier disputa que surja de este Concurso y\/o de estas Reglas Oficiales, y todas las cuestiones y preguntas relacionadas con la construcci\u00f3n, validez, interpretaci\u00f3n y exigibilidad de estas Reglas Oficiales o los derechos y obligaciones de los participantes o de King Taco en relaci\u00f3n con este Concurso, se regir\u00e1n por e interpretado de acuerdo con las leyes del Estado de California sin dar efecto o tener en cuenta ning\u00fan principio o doctrina de conflictos de leyes.<span class=\"Apple-converted-space\">\u00a0<\/span><\/li>\n<li>DISPUTAS. Excepto donde lo proh\u00edba la ley, cualquier acci\u00f3n que surja de o est\u00e9 relacionada con este Concurso y\/o estas Reglas oficiales se resolver\u00e1 individual y exclusivamente mediante arbitraje final y vinculante administrado por JAMS, por un solo \u00e1rbitro, todo de conformidad con las Reglas de arbitraje integrales de JAMS. y Procedimientos (las \u201cReglas JAMS\u201d). Para obtener m\u00e1s informaci\u00f3n sobre JAMS, las Reglas de JAMS o el proceso para presentar un reclamo de arbitraje, puede llamar a JAMS al 800.352.5267 o visitar el sitio web de JAMS en <a href=\"http:\/\/www.jamsadr.com\">www.jamsadr.com<\/a>. El arbitraje se llevar\u00e1 a cabo en una ubicaci\u00f3n en el estado en el que vive. No habr\u00e1 autoridad para que cualquier reclamo sea arbitrado (o disputado) de forma colectiva o representativa; el arbitraje puede decidir solo los reclamos individuales o de King Taco y el \u00e1rbitro no puede consolidar o unir los reclamos de otras personas o partes que puedan estar en una situaci\u00f3n similar. TODAS LAS DISPUTAS, RECLAMACIONES Y CAUSAS DE ACCI\u00d3N QUE SURJAN O EST\u00c9N RELACIONADAS CON EL CONCURSO, O CUALQUIER PREMIO OTORGADO EN RELACI\u00d3N CON EL CONCURSO, SE RESOLVER\u00c1N INDIVIDUALMENTE, SIN RECURSO A NINGUNA FORMA DE DEMANDA COLECTIVA. POR LA PRESENTE SE RENUNCIA A CUALQUIER DERECHO A UN JUICIO POR JURADO. Sin perjuicio de cualquier disposici\u00f3n en contrario en estas Reglas oficiales, si el monto en disputa que surge de este Concurso o de estas Reglas oficiales o est\u00e1 relacionado con este es menor que el m\u00e1ximo jurisdiccional de un tribunal de reclamos menores aplicable en el estado en el que vive, puede presentar una acci\u00f3n en dicho tribunal de reclamos menores por tal disputa, que reemplazar\u00e1 el arbitraje o una acci\u00f3n en cualquier otro tribunal.<\/li>\n<li>SIN PATROCINIO. Este Concurso no est\u00e1 patrocinado, respaldado o administrado de ninguna manera por ninguno de los siguientes: Alfa Romeo, F\u00f3rmula Uno o Circuito de las Am\u00e9ricas, ni est\u00e1 asociado con ellos.<span class=\"Apple-converted-space\">\u00a0<\/span><\/li>\n<li>DIVULGACI\u00d3N DEL GANADOR. Para obtener el nombre del ganador de este Concurso, env\u00ede un sobre con estampilla y su direcci\u00f3n a: King Taco &quot;Off to the Races&quot; Contest Winner Disclosure, 6055 E. Washington Boulevard, Suite 700, City of Commerce, CA 90040.<\/li>\n<li>PATROCINADOR DEL CONCURSO: King Taco Restaurant, Inc., 6055 E. Washington Boulevard, Suite 700, City of Commerce, CA 90040.<\/li>\n<\/ol>\n<p>\u00a9 2021 Restaurante King Taco, Inc.<\/p>\n\t<\/div>\r\n<\/div>\r\n\r\n\r\n\r\n\n\t\t\t<\/div> \n\t\t<\/div>\n\t<\/div> \n<\/div><\/div>","protected":false},"excerpt":{"rendered":"REGLAS OFICIALES DEL CONCURSO KING TACO RESTAURANT, INC. \u201cOFF TO THE RACES\u201d NO SE NECESITA COMPRA O PAGO DE NING\u00daN TIPO PARA PARTICIPAR O GANAR. UNA COMPRA NO AUMENTAR\u00c1 TUS POSIBILIDADES DE...","protected":false},"author":1,"featured_media":0,"parent":0,"menu_order":0,"comment_status":"closed","ping_status":"closed","template":"","meta":{"_monsterinsights_skip_tracking":false,"_monsterinsights_sitenote_active":false,"_monsterinsights_sitenote_note":"","_monsterinsights_sitenote_category":0,"footnotes":""},"class_list":["post-1518","page","type-page","status-publish"],"aioseo_notices":[],"_links":{"self":[{"href":"https:\/\/kingtaco.com\/es\/wp-json\/wp\/v2\/pages\/1518","targetHints":{"allow":["GET"]}}],"collection":[{"href":"https:\/\/kingtaco.com\/es\/wp-json\/wp\/v2\/pages"}],"about":[{"href":"https:\/\/kingtaco.com\/es\/wp-json\/wp\/v2\/types\/page"}],"author":[{"embeddable":true,"href":"https:\/\/kingtaco.com\/es\/wp-json\/wp\/v2\/users\/1"}],"replies":[{"embeddable":true,"href":"https:\/\/kingtaco.com\/es\/wp-json\/wp\/v2\/comments?post=1518"}],"version-history":[{"count":11,"href":"https:\/\/kingtaco.com\/es\/wp-json\/wp\/v2\/pages\/1518\/revisions"}],"predecessor-version":[{"id":1617,"href":"https:\/\/kingtaco.com\/es\/wp-json\/wp\/v2\/pages\/1518\/revisions\/1617"}],"wp:attachment":[{"href":"https:\/\/kingtaco.com\/es\/wp-json\/wp\/v2\/media?parent=1518"}],"curies":[{"name":"wp","href":"https:\/\/api.w.org\/{rel}","templated":true}]}}