{"id":1606,"date":"2021-08-03T23:51:27","date_gmt":"2021-08-03T23:51:27","guid":{"rendered":"https:\/\/kingtaco.com\/?page_id=1606"},"modified":"2022-12-09T11:58:05","modified_gmt":"2022-12-09T19:58:05","slug":"offtotherace","status":"publish","type":"page","link":"https:\/\/kingtaco.com\/es\/offtotherace\/","title":{"rendered":"Concursos de carreras"},"content":{"rendered":"<div id=\"fws_69de77c093c7d\"  data-column-margin=\"default\" data-midnight=\"dark\"  class=\"wpb_row vc_row-fluid vc_row full-width-section\"  style=\"padding-top: 100px; padding-bottom: 100px; \"><div class=\"row-bg-wrap\" data-bg-animation=\"none\" data-bg-overlay=\"false\"><div class=\"inner-wrap\"><div class=\"row-bg using-bg-color\"  style=\"background-color: #ffe2ce; \"><\/div><\/div><\/div><div class=\"row_col_wrap_12 col span_12 dark left\">\n\t<div  class=\"vc_col-sm-12 wpb_column column_container vc_column_container col no-extra-padding inherit_tablet inherit_phone\"  data-padding-pos=\"all\" data-has-bg-color=\"false\" data-bg-color=\"\" data-bg-opacity=\"1\" data-animation=\"\" data-delay=\"0\" >\n\t\t<div class=\"vc_column-inner\" >\n\t\t\t<div class=\"wpb_wrapper\">\n\t\t\t\t<h2 style=\"font-size: 60px;color: #fd4d2d;line-height: 1;text-align: left\" class=\"vc_custom_heading candy-font partner-page-title\" >Concurso de carreras<\/h2><div class=\"divider-wrap\" data-alignment=\"default\"><div style=\"height: 25px;\" class=\"divider\"><\/div><\/div>\r\n<div class=\"wpb_text_column wpb_content_element\" >\r\n\t<div class=\"wpb_wrapper\">\r\n\t\t<p>Participa para tener la oportunidad de ganar un viaje para ti y un invitado para acompa\u00f1arnos en el Gran Premio del Circuito de las Am\u00e9ricas, en Austin, TX, del 21 al 24 de octubre de 2021. El per\u00edodo de inscripci\u00f3n para el concurso comienza a las 12 :00 a. m., hora del Pac\u00edfico, el 3 de agosto de 2021 y termina a las 11:59 p. m., hora del Pac\u00edfico, el 30 de agosto de 2021. Un ganador ganar\u00e1 el paquete del Gran Premio para el ganador y su invitado:<\/p>\n\t<\/div>\r\n<\/div>\r\n\r\n\r\n\r\n\r\n<div class=\"wpb_text_column wpb_content_element\" >\r\n\t<div class=\"wpb_wrapper\">\r\n\t\t<p>\u2022 Pasaje aereo de ida y vuelta<\/p>\n<p>\u2022 Alojamiento en hotel (3 noches)<\/p>\n<p>\u2022 Admisi\u00f3n a la carrera (3 d\u00edas)<\/p>\n<p>\u2022 Comida de bienvenida con el conductor Antonio Giovinazzi<\/p>\n<p>\u2022 Mercanc\u00eda de King Taco<\/p>\n\t<\/div>\r\n<\/div>\r\n\r\n\r\n\r\n<div class=\"divider-wrap\" data-alignment=\"default\"><div style=\"height: 25px;\" class=\"divider\"><\/div><\/div>\r\n<div class=\"wpb_text_column wpb_content_element\" >\r\n\t<div class=\"wpb_wrapper\">\r\n\t\t<p><strong>Abierto solo para residentes legales de California que tengan al menos 18 a\u00f1os de edad en la fecha de entrada. Ver el <a href=\"https:\/\/kingtaco.com\/offtotheracesrules\">Reglas Oficiales <\/a>para obtener instrucciones de participaci\u00f3n, descripciones de premios, probabilidades de ganar y otros t\u00e9rminos y condiciones. L\u00edmite: una entrada por persona.<\/strong><\/p>\n\t<\/div>\r\n<\/div>\r\n\r\n\r\n\r\n<div class=\"divider-wrap\" data-alignment=\"default\"><div style=\"margin-top: 12.5px; height: 3px; margin-bottom: 12.5px;\" data-width=\"100%\" data-animate=\"yes\" data-animation-delay=\"20\" data-color=\"accent-color\" class=\"divider-border\"><\/div><\/div>\n\t<div class=\"wpb_raw_code wpb_content_element wpb_raw_html\" >\n\t\t<div class=\"wpb_wrapper\">\n\t\t\t<p>Este formulario est\u00e1 actualmente cerrado para env\u00edos.<\/p>\n\t\t<\/div>\n\t<\/div>\n\r\n<div class=\"wpb_text_column wpb_content_element\" >\r\n\t<div class=\"wpb_wrapper\">\r\n\t\t<p><strong>NO ES NECESARIO REALIZAR NINGUNA COMPRA O PAGO DE NING\u00daN TIPO PARA PARTICIPAR O GANAR ESTE CONCURSO. El concurso King Taco \u201cOff to the Races\u201d comienza el 3 de agosto de 2021 a las 12:00 a. M. PT y finaliza el 30 de agosto de 2021 a las 11:59 p. M. PT. Abierto solo para residentes legales de California que tengan al menos 18 a\u00f1os de edad en la fecha de entrada. Ver el <a href=\"http:\/\/www.kingtaco.com\/offtotheracesrules\">Reglas Oficiales<\/a> para obtener instrucciones de participaci\u00f3n, descripciones de premios, probabilidades de ganar y otros t\u00e9rminos y condiciones. L\u00edmite: una entrada por persona. No es v\u00e1lido donde est\u00e9 prohibido o restringido por la ley. Patrocinador: King Taco Restaurant, Inc.<\/strong><\/p>\n\t<\/div>\r\n<\/div>\r\n\r\n\r\n\r\n\n\t\t\t<\/div> \n\t\t<\/div>\n\t<\/div> \n<\/div><\/div>","protected":false},"excerpt":{"rendered":"Concurso Off to the Races Ingrese para tener la oportunidad de ganar un viaje para usted y un invitado para acompa\u00f1arnos en el Gran Premio del Circuito de las Am\u00e9ricas,...","protected":false},"author":1,"featured_media":1621,"parent":0,"menu_order":0,"comment_status":"closed","ping_status":"closed","template":"","meta":{"_monsterinsights_skip_tracking":false,"_monsterinsights_sitenote_active":false,"_monsterinsights_sitenote_note":"","_monsterinsights_sitenote_category":0,"footnotes":""},"class_list":["post-1606","page","type-page","status-publish","has-post-thumbnail"],"aioseo_notices":[],"_links":{"self":[{"href":"https:\/\/kingtaco.com\/es\/wp-json\/wp\/v2\/pages\/1606","targetHints":{"allow":["GET"]}}],"collection":[{"href":"https:\/\/kingtaco.com\/es\/wp-json\/wp\/v2\/pages"}],"about":[{"href":"https:\/\/kingtaco.com\/es\/wp-json\/wp\/v2\/types\/page"}],"author":[{"embeddable":true,"href":"https:\/\/kingtaco.com\/es\/wp-json\/wp\/v2\/users\/1"}],"replies":[{"embeddable":true,"href":"https:\/\/kingtaco.com\/es\/wp-json\/wp\/v2\/comments?post=1606"}],"version-history":[{"count":14,"href":"https:\/\/kingtaco.com\/es\/wp-json\/wp\/v2\/pages\/1606\/revisions"}],"predecessor-version":[{"id":2042,"href":"https:\/\/kingtaco.com\/es\/wp-json\/wp\/v2\/pages\/1606\/revisions\/2042"}],"wp:featuredmedia":[{"embeddable":true,"href":"https:\/\/kingtaco.com\/es\/wp-json\/wp\/v2\/media\/1621"}],"wp:attachment":[{"href":"https:\/\/kingtaco.com\/es\/wp-json\/wp\/v2\/media?parent=1606"}],"curies":[{"name":"wp","href":"https:\/\/api.w.org\/{rel}","templated":true}]}}