{"id":1947,"date":"2022-05-24T00:20:01","date_gmt":"2022-05-24T07:20:01","guid":{"rendered":"https:\/\/kingtaco.com\/?page_id=1947"},"modified":"2023-07-18T15:16:15","modified_gmt":"2023-07-18T22:16:15","slug":"ada-compliance","status":"publish","type":"page","link":"https:\/\/kingtaco.com\/es\/ada-compliance\/","title":{"rendered":"Cumplimiento de ADA"},"content":{"rendered":"<div id=\"fws_69d1e8f8a8eee\"  data-column-margin=\"default\" data-midnight=\"dark\"  class=\"wpb_row vc_row-fluid vc_row full-width-section   right_padding_150px left_padding_150px\"  style=\"padding-top: 20px; padding-bottom: 20px; \"><div class=\"row-bg-wrap\" data-bg-animation=\"none\" data-bg-overlay=\"false\"><div class=\"inner-wrap\"><div class=\"row-bg using-bg-color\"  style=\"background-color: #ffe2ce; \"><\/div><\/div><\/div><div class=\"row_col_wrap_12 col span_12 dark left\">\n\t<div  class=\"vc_col-sm-12 wpb_column column_container vc_column_container col no-extra-padding inherit_tablet inherit_phone\"  data-padding-pos=\"all\" data-has-bg-color=\"false\" data-bg-color=\"\" data-bg-opacity=\"1\" data-animation=\"\" data-delay=\"0\" >\n\t\t<div class=\"vc_column-inner\" >\n\t\t\t<div class=\"wpb_wrapper\">\n\t\t\t\t<div class=\"divider-wrap\" data-alignment=\"default\"><div style=\"height: 25px;\" class=\"divider\"><\/div><\/div><div class=\"divider-wrap\" data-alignment=\"default\"><div style=\"height: 25px;\" class=\"divider\"><\/div><\/div>\r\n<div class=\"wpb_text_column wpb_content_element\" >\r\n\t<div class=\"wpb_wrapper\">\r\n\t\t<h2 id=\"h-what-is-ada-compliance\"><\/h2>\n<h3><strong>\u00bfQu\u00e9 es el cumplimiento de la ADA?<\/strong><\/h3>\n<p>El cumplimiento de la ADA es la abreviatura de los Est\u00e1ndares de la Ley de Estadounidenses con Discapacidades para el Dise\u00f1o Accesible. Lo que eso significa es que toda la informaci\u00f3n y tecnolog\u00eda electr\u00f3nica, es decir, su sitio web, debe ser accesible para las personas con discapacidades.<\/p>\n<p>El cumplimiento de ADA a menudo se confunde con el cumplimiento de 508. Sin embargo, el cumplimiento de la ADA difiere en que es m\u00e1s una ley civil que ordena la inclusi\u00f3n de todas las personas, especialmente aquellas con discapacidades, en todas las \u00e1reas de la vida p\u00fablica. Eso incluye el lugar de trabajo, las escuelas, el transporte y cualquier otro lugar abierto al p\u00fablico en general. Tanto ADA como 508 tienen los mismos objetivos, solo la Secci\u00f3n 508 solo se aplica a adquisiciones federales.<\/p>\n<p>Las dos regulaciones de cumplimiento tambi\u00e9n funcionan junto con las Pautas de accesibilidad al contenido web (WCAG). Sin embargo, las WCAG son m\u00e1s un conjunto de pautas formales utilizadas para mejorar la accesibilidad. El enfoque de WCAG es principalmente la accesibilidad HTML en todas las plataformas.<\/p>\n<p>&nbsp;<\/p>\n<h3><strong><img loading=\"lazy\" decoding=\"async\" class=\"alignnone wp-image-1987\" src=\"https:\/\/kingtaco.com\/wp-content\/uploads\/2022\/06\/adacompliant-253x300.png\" alt=\"Image of ADA Compliant\" width=\"100\" height=\"119\" srcset=\"https:\/\/kingtaco.com\/wp-content\/uploads\/2022\/06\/adacompliant-253x300.png 253w, https:\/\/kingtaco.com\/wp-content\/uploads\/2022\/06\/adacompliant-768x911.png 768w, https:\/\/kingtaco.com\/wp-content\/uploads\/2022\/06\/adacompliant-10x12.png 10w, https:\/\/kingtaco.com\/wp-content\/uploads\/2022\/06\/adacompliant-20x24.png 20w, https:\/\/kingtaco.com\/wp-content\/uploads\/2022\/06\/adacompliant-30x36.png 30w, https:\/\/kingtaco.com\/wp-content\/uploads\/2022\/06\/adacompliant-40x48.png 40w, https:\/\/kingtaco.com\/wp-content\/uploads\/2022\/06\/adacompliant.png 844w\" sizes=\"auto, (max-width: 100px) 100vw, 100px\" \/><\/strong><\/h3>\n\t<\/div>\r\n<\/div>\r\n\r\n\r\n\r\n<div class=\"divider-wrap\" data-alignment=\"default\"><div style=\"height: 25px;\" class=\"divider\"><\/div><\/div>\n\t\t\t<\/div> \n\t\t<\/div>\n\t<\/div> \n<\/div><\/div>","protected":false},"excerpt":{"rendered":"\u00bfQu\u00e9 es el cumplimiento de la ADA? El cumplimiento de la ADA es la abreviatura de los Est\u00e1ndares de la Ley de Estadounidenses con Discapacidades para el Dise\u00f1o Accesible. Lo que eso significa es que toda la informaci\u00f3n y tecnolog\u00eda electr\u00f3nica, es decir, su sitio web, debe ser accesible...","protected":false},"author":1,"featured_media":0,"parent":0,"menu_order":0,"comment_status":"closed","ping_status":"closed","template":"","meta":{"_monsterinsights_skip_tracking":false,"_monsterinsights_sitenote_active":false,"_monsterinsights_sitenote_note":"","_monsterinsights_sitenote_category":0,"footnotes":""},"class_list":["post-1947","page","type-page","status-publish"],"aioseo_notices":[],"_links":{"self":[{"href":"https:\/\/kingtaco.com\/es\/wp-json\/wp\/v2\/pages\/1947","targetHints":{"allow":["GET"]}}],"collection":[{"href":"https:\/\/kingtaco.com\/es\/wp-json\/wp\/v2\/pages"}],"about":[{"href":"https:\/\/kingtaco.com\/es\/wp-json\/wp\/v2\/types\/page"}],"author":[{"embeddable":true,"href":"https:\/\/kingtaco.com\/es\/wp-json\/wp\/v2\/users\/1"}],"replies":[{"embeddable":true,"href":"https:\/\/kingtaco.com\/es\/wp-json\/wp\/v2\/comments?post=1947"}],"version-history":[{"count":9,"href":"https:\/\/kingtaco.com\/es\/wp-json\/wp\/v2\/pages\/1947\/revisions"}],"predecessor-version":[{"id":2132,"href":"https:\/\/kingtaco.com\/es\/wp-json\/wp\/v2\/pages\/1947\/revisions\/2132"}],"wp:attachment":[{"href":"https:\/\/kingtaco.com\/es\/wp-json\/wp\/v2\/media?parent=1947"}],"curies":[{"name":"wp","href":"https:\/\/api.w.org\/{rel}","templated":true}]}}