{"id":27,"date":"2021-05-11T05:52:30","date_gmt":"2021-05-11T05:52:30","guid":{"rendered":"https:\/\/taco.saritasa.rocks\/?page_id=27"},"modified":"2022-12-12T09:31:44","modified_gmt":"2022-12-12T17:31:44","slug":"join-our-team","status":"publish","type":"page","link":"https:\/\/kingtaco.com\/es\/join-our-team\/","title":{"rendered":"Trabajos"},"content":{"rendered":"<div id=\"fws_69e904571b76c\"  data-column-margin=\"default\" data-midnight=\"dark\"  class=\"wpb_row vc_row-fluid vc_row full-width-content  vc_row-o-equal-height vc_row-flex  vc_row-o-content-top   right_padding_150px left_padding_150px top_padding_tablet_100px top_padding_phone_30px right_padding_tablet_100px right_padding_phone_30px left_padding_tablet_100px left_padding_phone_30px\"  style=\"padding-top: 100px; padding-bottom: 0px; \"><div class=\"row-bg-wrap\" data-bg-animation=\"none\" data-bg-overlay=\"false\"><div class=\"inner-wrap\"><div class=\"row-bg using-bg-color\"  style=\"background-color: #ffe2ce; \"><\/div><\/div><\/div><div class=\"row_col_wrap_12 col span_12 dark left\">\n\t<div  class=\"vc_col-sm-12 wpb_column column_container vc_column_container col no-extra-padding inherit_tablet inherit_phone\"  data-padding-pos=\"all\" data-has-bg-color=\"false\" data-bg-color=\"\" data-bg-opacity=\"1\" data-animation=\"\" data-delay=\"0\" >\n\t\t<div class=\"vc_column-inner\" >\n\t\t\t<div class=\"wpb_wrapper\">\n\t\t\t\t<div style=\"font-size: 70px;color: #fd4d2d;line-height: 80px;text-align: center\" class=\"vc_custom_heading candy-font vc_custom_1627926426686\" >Trabajos<\/div><div style=\"font-size: 16px;color: #000000;line-height: 35px;text-align: center\" class=\"vc_custom_heading\" >Nuestra marca es profunda en el coraz\u00f3n de nuestros seguidores debido principalmente a la dedicaci\u00f3n y compromiso continuos de nuestros empleados. Nuestros fundadores, Don Ra\u00fal y Do\u00f1a Lupe, lanzaron King Taco con un cami\u00f3n de helados convertido en la d\u00e9cada de 1950 y, desde entonces, el favorito se ha expandido a 22 localidades populares.<\/div><div style=\"font-size: 16px;color: #000000;line-height: 35px;text-align: center\" class=\"vc_custom_heading vc_custom_1628182778089\" >Los empleados de King Taco ganan m\u00e1s que solo un cheque de pago, nuestro equipo est\u00e1 marcando la diferencia apoyando y elevando a la comunidad que lo inici\u00f3. Damos la bienvenida a personas motivadas y dedicadas y les ofrecemos la oportunidad de aprender las habilidades necesarias para crecer dentro de la empresa.<\/div><div style=\"font-size: 16px;color: #000000;line-height: 35px;text-align: center\" class=\"vc_custom_heading vc_custom_1628182793123\" >Puedes ser parte de este gran equipo, \u00a1env\u00eda tu solicitud a continuaci\u00f3n!<\/div><div class=\"divider-wrap\" data-alignment=\"default\"><div style=\"margin-top: 50px; height: 10px; margin-bottom: 50px;\" data-width=\"100%\" data-animate=\"\" data-animation-delay=\"\" data-color=\"accent-color\" class=\"divider-border\"><\/div><\/div>\n\t\t\t<\/div> \n\t\t<\/div>\n\t<\/div> \n<\/div><\/div>\r\n\t\t<div id=\"fws_69e904571c24b\"  data-column-margin=\"default\" data-midnight=\"dark\" data-top-percent=\"4%\" data-bottom-percent=\"2%\"  class=\"wpb_row vc_row-fluid vc_row full-width-content  vc_row-o-equal-height vc_row-flex  vc_row-o-content-top   right_padding_150px left_padding_150px right_padding_tablet_100px right_padding_phone_30px left_padding_tablet_100px left_padding_phone_30px\"  style=\"padding-top: calc(100vw * 0.04); padding-bottom: calc(100vw * 0.02); \"><div class=\"row-bg-wrap\" data-bg-animation=\"none\" data-bg-overlay=\"false\"><div class=\"inner-wrap\"><div class=\"row-bg using-bg-color\"  style=\"background-color: #ffe2ce; \"><\/div><\/div><\/div><div class=\"row_col_wrap_12 col span_12 dark left\">\n\t<div  class=\"vc_col-sm-4 wpb_column column_container vc_column_container col centered-text has-animation padding-3-percent no-extra-padding_tablet no-extra-padding_phone\"  data-padding-pos=\"right\" data-has-bg-color=\"false\" data-bg-color=\"\" data-bg-opacity=\"1\" data-animation=\"grow-in\" data-delay=\"0\" >\n\t\t<div class=\"vc_column-inner\" >\n\t\t\t<div class=\"wpb_wrapper\">\n\t\t\t\t<div class=\"img-with-aniamtion-wrap\" data-max-width=\"100%\" data-max-width-mobile=\"default\" data-shadow=\"none\" data-animation=\"none\" >\r\n      <div class=\"inner\">\r\n        <div class=\"hover-wrap\"> \r\n          <div class=\"hover-wrap-inner\">\r\n            <img loading=\"lazy\" decoding=\"async\" class=\"img-with-animation skip-lazy\" data-delay=\"0\" height=\"165\" width=\"165\" data-animation=\"none\" src=\"https:\/\/kingtaco.com\/wp-content\/uploads\/2021\/06\/Insurance-Icon-min.png\" alt=\"A graphic of an insurance icon from King Taco&#039;s benefits page\" srcset=\"https:\/\/kingtaco.com\/wp-content\/uploads\/2021\/06\/Insurance-Icon-min.png 165w, https:\/\/kingtaco.com\/wp-content\/uploads\/2021\/06\/Insurance-Icon-min-150x150.png 150w, https:\/\/kingtaco.com\/wp-content\/uploads\/2021\/06\/Insurance-Icon-min-12x12.png 12w, https:\/\/kingtaco.com\/wp-content\/uploads\/2021\/06\/Insurance-Icon-min-100x100.png 100w, https:\/\/kingtaco.com\/wp-content\/uploads\/2021\/06\/Insurance-Icon-min-140x140.png 140w, https:\/\/kingtaco.com\/wp-content\/uploads\/2021\/06\/Insurance-Icon-min-24x24.png 24w, https:\/\/kingtaco.com\/wp-content\/uploads\/2021\/06\/Insurance-Icon-min-36x36.png 36w, https:\/\/kingtaco.com\/wp-content\/uploads\/2021\/06\/Insurance-Icon-min-48x48.png 48w\" sizes=\"auto, (min-width: 1450px) 75vw, (min-width: 1000px) 85vw, 100vw\" \/>\r\n          <\/div>\r\n        <\/div>\r\n      <\/div>\r\n    <\/div><div style=\"font-size: 20px;color: #fd4d2d;line-height: 25px;text-align: center\" class=\"vc_custom_heading\" ><b>SEGURO<\/b><\/div><div style=\"font-size: 13px;color: #000000;line-height: 25px;text-align: center\" class=\"vc_custom_heading\" >King Taco ofrece programas de seguro m\u00e9dico, dental y de la vista para empleados calificados de tiempo completo y sus dependientes.<\/div>\n\t\t\t<\/div> \n\t\t<\/div>\n\t<\/div> \n\n\t<div  class=\"vc_col-sm-4 wpb_column column_container vc_column_container col centered-text has-animation padding-3-percent no-extra-padding_tablet no-extra-padding_phone\"  data-padding-pos=\"left-right\" data-has-bg-color=\"false\" data-bg-color=\"\" data-bg-opacity=\"1\" data-animation=\"grow-in\" data-delay=\"100\" >\n\t\t<div class=\"vc_column-inner\" >\n\t\t\t<div class=\"wpb_wrapper\">\n\t\t\t\t<div class=\"img-with-aniamtion-wrap\" data-max-width=\"100%\" data-max-width-mobile=\"default\" data-shadow=\"none\" data-animation=\"none\" >\r\n      <div class=\"inner\">\r\n        <div class=\"hover-wrap\"> \r\n          <div class=\"hover-wrap-inner\">\r\n            <img loading=\"lazy\" decoding=\"async\" class=\"img-with-animation skip-lazy\" data-delay=\"0\" height=\"165\" width=\"165\" data-animation=\"none\" src=\"https:\/\/kingtaco.com\/wp-content\/uploads\/2021\/06\/Holiday-Icon-min.png\" alt=\"A graphic of a calendar icon from King Taco&#039;s benefits page\" srcset=\"https:\/\/kingtaco.com\/wp-content\/uploads\/2021\/06\/Holiday-Icon-min.png 165w, https:\/\/kingtaco.com\/wp-content\/uploads\/2021\/06\/Holiday-Icon-min-150x150.png 150w, https:\/\/kingtaco.com\/wp-content\/uploads\/2021\/06\/Holiday-Icon-min-12x12.png 12w, https:\/\/kingtaco.com\/wp-content\/uploads\/2021\/06\/Holiday-Icon-min-100x100.png 100w, https:\/\/kingtaco.com\/wp-content\/uploads\/2021\/06\/Holiday-Icon-min-140x140.png 140w, https:\/\/kingtaco.com\/wp-content\/uploads\/2021\/06\/Holiday-Icon-min-24x24.png 24w, https:\/\/kingtaco.com\/wp-content\/uploads\/2021\/06\/Holiday-Icon-min-36x36.png 36w, https:\/\/kingtaco.com\/wp-content\/uploads\/2021\/06\/Holiday-Icon-min-48x48.png 48w\" sizes=\"auto, (min-width: 1450px) 75vw, (min-width: 1000px) 85vw, 100vw\" \/>\r\n          <\/div>\r\n        <\/div>\r\n      <\/div>\r\n    <\/div><div style=\"font-size: 20px;color: #fd4d2d;line-height: 25px;text-align: center\" class=\"vc_custom_heading\" ><b>VACACIONES<\/b><\/div><div style=\"font-size: 13px;color: #000000;line-height: 25px;text-align: center\" class=\"vc_custom_heading\" >Disfruta de dos vacaciones pagas:<\/p>\n<p>Navidad (25 de diciembre) y Viernes Santo (viernes anterior al Domingo de Resurrecci\u00f3n).<\/div>\n\t\t\t<\/div> \n\t\t<\/div>\n\t<\/div> \n\n\t<div  class=\"vc_col-sm-4 wpb_column column_container vc_column_container col centered-text has-animation padding-3-percent no-extra-padding_tablet no-extra-padding_phone\"  data-padding-pos=\"left\" data-has-bg-color=\"false\" data-bg-color=\"\" data-bg-opacity=\"1\" data-animation=\"grow-in\" data-delay=\"200\" >\n\t\t<div class=\"vc_column-inner\" >\n\t\t\t<div class=\"wpb_wrapper\">\n\t\t\t\t<div class=\"img-with-aniamtion-wrap\" data-max-width=\"100%\" data-max-width-mobile=\"default\" data-shadow=\"none\" data-animation=\"none\" >\r\n      <div class=\"inner\">\r\n        <div class=\"hover-wrap\"> \r\n          <div class=\"hover-wrap-inner\">\r\n            <img loading=\"lazy\" decoding=\"async\" class=\"img-with-animation skip-lazy\" data-delay=\"0\" height=\"165\" width=\"165\" data-animation=\"none\" src=\"https:\/\/kingtaco.com\/wp-content\/uploads\/2021\/06\/Growth-Icon-min.png\" alt=\"A graphic of a growth icon from King Taco&#039;s benefits page\" srcset=\"https:\/\/kingtaco.com\/wp-content\/uploads\/2021\/06\/Growth-Icon-min.png 165w, https:\/\/kingtaco.com\/wp-content\/uploads\/2021\/06\/Growth-Icon-min-150x150.png 150w, https:\/\/kingtaco.com\/wp-content\/uploads\/2021\/06\/Growth-Icon-min-12x12.png 12w, https:\/\/kingtaco.com\/wp-content\/uploads\/2021\/06\/Growth-Icon-min-100x100.png 100w, https:\/\/kingtaco.com\/wp-content\/uploads\/2021\/06\/Growth-Icon-min-140x140.png 140w, https:\/\/kingtaco.com\/wp-content\/uploads\/2021\/06\/Growth-Icon-min-24x24.png 24w, https:\/\/kingtaco.com\/wp-content\/uploads\/2021\/06\/Growth-Icon-min-36x36.png 36w, https:\/\/kingtaco.com\/wp-content\/uploads\/2021\/06\/Growth-Icon-min-48x48.png 48w\" sizes=\"auto, (min-width: 1450px) 75vw, (min-width: 1000px) 85vw, 100vw\" \/>\r\n          <\/div>\r\n        <\/div>\r\n      <\/div>\r\n    <\/div><div style=\"font-size: 20px;color: #fd4d2d;line-height: 25px;text-align: center\" class=\"vc_custom_heading\" ><b>CRECIMIENTO<\/b><\/div><div style=\"font-size: 13px;color: #000000;line-height: 25px;text-align: center\" class=\"vc_custom_heading\" >Oportunidades para desarrollar habilidades y crecer dentro de la empresa.<\/div>\n\t\t\t<\/div> \n\t\t<\/div>\n\t<\/div> \n<\/div><\/div>\r\n\t\t<div id=\"fws_69e904571e481\"  data-column-margin=\"default\" data-midnight=\"dark\" data-bottom-percent=\"5%\"  class=\"wpb_row vc_row-fluid vc_row full-width-content  vc_row-o-equal-height vc_row-flex  vc_row-o-content-top   right_padding_150px left_padding_150px right_padding_tablet_100px right_padding_phone_30px left_padding_tablet_100px left_padding_phone_30px\"  style=\"padding-top: 0px; padding-bottom: calc(100vw * 0.05); \"><div class=\"row-bg-wrap\" data-bg-animation=\"none\" data-bg-overlay=\"false\"><div class=\"inner-wrap\"><div class=\"row-bg using-bg-color\"  style=\"background-color: #ffe2ce; \"><\/div><\/div><\/div><div class=\"row_col_wrap_12 col span_12 dark left\">\n\t<div  class=\"vc_col-sm-4 wpb_column column_container vc_column_container col centered-text has-animation padding-3-percent no-extra-padding_tablet no-extra-padding_phone\"  data-padding-pos=\"right\" data-has-bg-color=\"false\" data-bg-color=\"\" data-bg-opacity=\"1\" data-animation=\"grow-in\" data-delay=\"0\" >\n\t\t<div class=\"vc_column-inner\" >\n\t\t\t<div class=\"wpb_wrapper\">\n\t\t\t\t<div class=\"img-with-aniamtion-wrap\" data-max-width=\"100%\" data-max-width-mobile=\"default\" data-shadow=\"none\" data-animation=\"none\" >\r\n      <div class=\"inner\">\r\n        <div class=\"hover-wrap\"> \r\n          <div class=\"hover-wrap-inner\">\r\n            <img loading=\"lazy\" decoding=\"async\" class=\"img-with-animation skip-lazy\" data-delay=\"0\" height=\"165\" width=\"165\" data-animation=\"none\" src=\"https:\/\/kingtaco.com\/wp-content\/uploads\/2021\/06\/Meal-Icon-min.png\" alt=\"A graphic of a taco icon from King Taco&#039;s benefits page\" srcset=\"https:\/\/kingtaco.com\/wp-content\/uploads\/2021\/06\/Meal-Icon-min.png 165w, https:\/\/kingtaco.com\/wp-content\/uploads\/2021\/06\/Meal-Icon-min-150x150.png 150w, https:\/\/kingtaco.com\/wp-content\/uploads\/2021\/06\/Meal-Icon-min-12x12.png 12w, https:\/\/kingtaco.com\/wp-content\/uploads\/2021\/06\/Meal-Icon-min-100x100.png 100w, https:\/\/kingtaco.com\/wp-content\/uploads\/2021\/06\/Meal-Icon-min-140x140.png 140w, https:\/\/kingtaco.com\/wp-content\/uploads\/2021\/06\/Meal-Icon-min-24x24.png 24w, https:\/\/kingtaco.com\/wp-content\/uploads\/2021\/06\/Meal-Icon-min-36x36.png 36w, https:\/\/kingtaco.com\/wp-content\/uploads\/2021\/06\/Meal-Icon-min-48x48.png 48w\" sizes=\"auto, (min-width: 1450px) 75vw, (min-width: 1000px) 85vw, 100vw\" \/>\r\n          <\/div>\r\n        <\/div>\r\n      <\/div>\r\n    <\/div><div style=\"font-size: 20px;color: #fd4d2d;line-height: 25px;text-align: center\" class=\"vc_custom_heading\" ><b>DESCUENTOS EN COMIDAS<\/b><\/div><div style=\"font-size: 13px;color: #000000;line-height: 25px;text-align: center\" class=\"vc_custom_heading\" >Los empleados reciben descuentos en comidas durante sus d\u00edas laborales.<\/div>\n\t\t\t<\/div> \n\t\t<\/div>\n\t<\/div> \n\n\t<div  class=\"vc_col-sm-4 wpb_column column_container vc_column_container col centered-text has-animation padding-3-percent no-extra-padding_tablet no-extra-padding_phone\"  data-padding-pos=\"left-right\" data-has-bg-color=\"false\" data-bg-color=\"\" data-bg-opacity=\"1\" data-animation=\"grow-in\" data-delay=\"100\" >\n\t\t<div class=\"vc_column-inner\" >\n\t\t\t<div class=\"wpb_wrapper\">\n\t\t\t\t<div class=\"img-with-aniamtion-wrap\" data-max-width=\"100%\" data-max-width-mobile=\"default\" data-shadow=\"none\" data-animation=\"none\" >\r\n      <div class=\"inner\">\r\n        <div class=\"hover-wrap\"> \r\n          <div class=\"hover-wrap-inner\">\r\n            <img loading=\"lazy\" decoding=\"async\" class=\"img-with-animation skip-lazy\" data-delay=\"0\" height=\"165\" width=\"165\" data-animation=\"none\" src=\"https:\/\/kingtaco.com\/wp-content\/uploads\/2021\/06\/Vacation-Icon-min.png\" alt=\"A graphic of a vacation icon from King Taco&#039;s benefits page\" srcset=\"https:\/\/kingtaco.com\/wp-content\/uploads\/2021\/06\/Vacation-Icon-min.png 165w, https:\/\/kingtaco.com\/wp-content\/uploads\/2021\/06\/Vacation-Icon-min-150x150.png 150w, https:\/\/kingtaco.com\/wp-content\/uploads\/2021\/06\/Vacation-Icon-min-12x12.png 12w, https:\/\/kingtaco.com\/wp-content\/uploads\/2021\/06\/Vacation-Icon-min-100x100.png 100w, https:\/\/kingtaco.com\/wp-content\/uploads\/2021\/06\/Vacation-Icon-min-140x140.png 140w, https:\/\/kingtaco.com\/wp-content\/uploads\/2021\/06\/Vacation-Icon-min-24x24.png 24w, https:\/\/kingtaco.com\/wp-content\/uploads\/2021\/06\/Vacation-Icon-min-36x36.png 36w, https:\/\/kingtaco.com\/wp-content\/uploads\/2021\/06\/Vacation-Icon-min-48x48.png 48w\" sizes=\"auto, (min-width: 1450px) 75vw, (min-width: 1000px) 85vw, 100vw\" \/>\r\n          <\/div>\r\n        <\/div>\r\n      <\/div>\r\n    <\/div><div style=\"font-size: 20px;color: #fd4d2d;line-height: 25px;text-align: center\" class=\"vc_custom_heading\" ><b>VACACIONES PAGADAS<\/b><\/div><div style=\"font-size: 13px;color: #000000;line-height: 25px;text-align: center\" class=\"vc_custom_heading\" >Los empleados de tiempo completo acumulan tiempo de vacaciones y pagan de acuerdo con la antig\u00fcedad.<\/div>\n\t\t\t<\/div> \n\t\t<\/div>\n\t<\/div> \n\n\t<div  class=\"vc_col-sm-4 wpb_column column_container vc_column_container col centered-text has-animation padding-3-percent no-extra-padding_tablet no-extra-padding_phone\"  data-padding-pos=\"left\" data-has-bg-color=\"false\" data-bg-color=\"\" data-bg-opacity=\"1\" data-animation=\"grow-in\" data-delay=\"200\" >\n\t\t<div class=\"vc_column-inner\" >\n\t\t\t<div class=\"wpb_wrapper\">\n\t\t\t\t<div class=\"img-with-aniamtion-wrap\" data-max-width=\"100%\" data-max-width-mobile=\"default\" data-shadow=\"none\" data-animation=\"none\" >\r\n      <div class=\"inner\">\r\n        <div class=\"hover-wrap\"> \r\n          <div class=\"hover-wrap-inner\">\r\n            <img loading=\"lazy\" decoding=\"async\" class=\"img-with-animation skip-lazy\" data-delay=\"0\" height=\"165\" width=\"165\" data-animation=\"none\" src=\"https:\/\/kingtaco.com\/wp-content\/uploads\/2021\/06\/Event-Icon-min.png\" alt=\"A graphic of an event icon from King Taco&#039;s benefits page\" srcset=\"https:\/\/kingtaco.com\/wp-content\/uploads\/2021\/06\/Event-Icon-min.png 165w, https:\/\/kingtaco.com\/wp-content\/uploads\/2021\/06\/Event-Icon-min-150x150.png 150w, https:\/\/kingtaco.com\/wp-content\/uploads\/2021\/06\/Event-Icon-min-12x12.png 12w, https:\/\/kingtaco.com\/wp-content\/uploads\/2021\/06\/Event-Icon-min-100x100.png 100w, https:\/\/kingtaco.com\/wp-content\/uploads\/2021\/06\/Event-Icon-min-140x140.png 140w, https:\/\/kingtaco.com\/wp-content\/uploads\/2021\/06\/Event-Icon-min-24x24.png 24w, https:\/\/kingtaco.com\/wp-content\/uploads\/2021\/06\/Event-Icon-min-36x36.png 36w, https:\/\/kingtaco.com\/wp-content\/uploads\/2021\/06\/Event-Icon-min-48x48.png 48w\" sizes=\"auto, (min-width: 1450px) 75vw, (min-width: 1000px) 85vw, 100vw\" \/>\r\n          <\/div>\r\n        <\/div>\r\n      <\/div>\r\n    <\/div><div style=\"font-size: 20px;color: #fd4d2d;line-height: 25px;text-align: center\" class=\"vc_custom_heading\" ><b>EVENTOS ESPECIALES<\/b><\/div><div style=\"font-size: 13px;color: #000000;line-height: 25px;text-align: center\" class=\"vc_custom_heading\" >Sue\u00f1os de Navidad, Long Beach Grand Prix, Auto Club Speedway, NASCAR Events, LA County Fair y m\u00e1s.<\/div>\n\t\t\t<\/div> \n\t\t<\/div>\n\t<\/div> \n<\/div><\/div>\r\n\t\t<div id=\"fws_69e90457202bd\"  data-column-margin=\"default\" data-midnight=\"dark\"  class=\"wpb_row vc_row-fluid vc_row full-width-content  vc_row-o-equal-height vc_row-flex  vc_row-o-content-top   right_padding_150px left_padding_150px right_padding_tablet_100px right_padding_phone_30px left_padding_tablet_100px left_padding_phone_30px\"  style=\"padding-top: 0px; padding-bottom: 0px; \"><div class=\"row-bg-wrap\" data-bg-animation=\"none\" data-bg-overlay=\"false\"><div class=\"inner-wrap\"><div class=\"row-bg using-bg-color\"  style=\"background-color: #ffe2ce; \"><\/div><\/div><\/div><div class=\"row_col_wrap_12 col span_12 dark left\">\n\t<div  class=\"vc_col-sm-12 wpb_column column_container vc_column_container col no-extra-padding inherit_tablet inherit_phone\"  data-padding-pos=\"all\" data-has-bg-color=\"false\" data-bg-color=\"\" data-bg-opacity=\"1\" data-animation=\"\" data-delay=\"0\" >\n\t\t<div class=\"vc_column-inner\" >\n\t\t\t<div class=\"wpb_wrapper\">\n\t\t\t\t<div class=\"divider-wrap\" data-alignment=\"default\"><div style=\"margin-top: 50px; height: 10px; margin-bottom: 50px;\" data-width=\"100%\" data-animate=\"\" data-animation-delay=\"\" data-color=\"accent-color\" class=\"divider-border\"><\/div><\/div>\n\t\t\t<\/div> \n\t\t<\/div>\n\t<\/div> \n<\/div><\/div>\r\n\t\t<div id=\"fws_69e904572059d\"  data-column-margin=\"20px\" data-midnight=\"dark\"  class=\"wpb_row vc_row-fluid vc_row full-width-content  vc_row-o-equal-height vc_row-flex   right_padding_150px left_padding_150px right_padding_tablet_100px right_padding_phone_30px left_padding_tablet_100px left_padding_phone_30px\"  style=\"padding-top: 10px; padding-bottom: 100px; \"><div class=\"row-bg-wrap\" data-bg-animation=\"none\" data-bg-overlay=\"false\"><div class=\"inner-wrap\"><div class=\"row-bg using-bg-color\"  style=\"background-color: #ffe2ce; \"><\/div><\/div><\/div><div class=\"row_col_wrap_12 col span_12 dark left\">\n\t<div  class=\"vc_col-sm-6 home-about-king-taco-left wpb_column column_container vc_column_container col centered-text no-extra-padding inherit_tablet inherit_phone border_right_desktop_5px border_color_fd4d2d border_style_solid\"  data-padding-pos=\"all\" data-has-bg-color=\"false\" data-bg-color=\"\" data-bg-opacity=\"1\" data-animation=\"\" data-delay=\"0\" >\n\t\t<div class=\"vc_column-inner\" >\n\t\t\t<div class=\"wpb_wrapper\">\n\t\t\t\t<h2 style=\"font-size: 65px;color: #fd4d2d;line-height: 80px;text-align: center;font-family:Lobster Two;font-weight:400;font-style:normal\" class=\"vc_custom_heading candy-font join-our-team-title vc_custom_1627920564827\" >Restaurante<\/h2><div class=\"divider-wrap\" data-alignment=\"default\"><div style=\"height: 25px;\" class=\"divider\"><\/div><\/div><div class=\"img-with-aniamtion-wrap center custom-width-220px\" data-max-width=\"custom\" data-max-width-mobile=\"default\" data-shadow=\"none\" data-animation=\"none\" >\r\n      <div class=\"inner\">\r\n        <div class=\"hover-wrap\"> \r\n          <div class=\"hover-wrap-inner\">\r\n            <img loading=\"lazy\" decoding=\"async\" class=\"img-with-animation skip-lazy\" data-delay=\"0\" height=\"321\" width=\"375\" data-animation=\"none\" src=\"https:\/\/kingtaco.com\/wp-content\/uploads\/2021\/06\/KT-DOODLE-min.png\" alt=\"An illustration of a King Taco restaurant\" srcset=\"https:\/\/kingtaco.com\/wp-content\/uploads\/2021\/06\/KT-DOODLE-min.png 375w, https:\/\/kingtaco.com\/wp-content\/uploads\/2021\/06\/KT-DOODLE-min-300x257.png 300w, https:\/\/kingtaco.com\/wp-content\/uploads\/2021\/06\/KT-DOODLE-min-14x12.png 14w, https:\/\/kingtaco.com\/wp-content\/uploads\/2021\/06\/KT-DOODLE-min-24x21.png 24w, https:\/\/kingtaco.com\/wp-content\/uploads\/2021\/06\/KT-DOODLE-min-36x31.png 36w, https:\/\/kingtaco.com\/wp-content\/uploads\/2021\/06\/KT-DOODLE-min-48x41.png 48w\" sizes=\"auto, (min-width: 1450px) 75vw, (min-width: 1000px) 85vw, 100vw\" \/>\r\n          <\/div>\r\n        <\/div>\r\n      <\/div>\r\n    <\/div><div class=\"divider-wrap\" data-alignment=\"default\"><div style=\"height: 25px;\" class=\"divider\"><\/div><\/div><a class=\"nectar-button jumbo regular accent-color  regular-button home-buttons\"  style=\"\"  href=\"\/restaurant-positions\" data-color-override=\"false\" data-hover-color-override=\"false\" data-hover-text-color-override=\"#fff\"><span>UNIRSE AL EQUIPO<\/span><\/a>\n\t\t\t<\/div> \n\t\t<\/div>\n\t<\/div> \n\n\t<div  class=\"vc_col-sm-6 home-about-king-taco-right wpb_column column_container vc_column_container col centered-text no-extra-padding inherit_tablet inherit_phone border_left_desktop_5px border_color_fd4d2d border_style_solid\"  data-padding-pos=\"all\" data-has-bg-color=\"false\" data-bg-color=\"\" data-bg-opacity=\"1\" data-animation=\"\" data-delay=\"0\" >\n\t\t<div class=\"vc_column-inner\" >\n\t\t\t<div class=\"wpb_wrapper\">\n\t\t\t\t<h2 style=\"font-size: 65px;color: #fd4d2d;line-height: 80px;text-align: center;font-family:Lobster Two;font-weight:400;font-style:normal\" class=\"vc_custom_heading candy-font join-our-team-title vc_custom_1627920571447\" >Corporativo<\/h2><div class=\"divider-wrap\" data-alignment=\"default\"><div style=\"height: 25px;\" class=\"divider\"><\/div><\/div><div class=\"img-with-aniamtion-wrap center custom-width-190px\" data-max-width=\"custom\" data-max-width-mobile=\"default\" data-shadow=\"none\" data-animation=\"none\" >\r\n      <div class=\"inner\">\r\n        <div class=\"hover-wrap\"> \r\n          <div class=\"hover-wrap-inner\">\r\n            <img loading=\"lazy\" decoding=\"async\" class=\"img-with-animation skip-lazy\" data-delay=\"0\" height=\"320\" width=\"320\" data-animation=\"none\" src=\"https:\/\/kingtaco.com\/wp-content\/uploads\/2021\/06\/Corporate-Icon-min.png\" alt=\"A graphic of a corporate icon from King Taco&#039;s careers page\" srcset=\"https:\/\/kingtaco.com\/wp-content\/uploads\/2021\/06\/Corporate-Icon-min.png 320w, https:\/\/kingtaco.com\/wp-content\/uploads\/2021\/06\/Corporate-Icon-min-300x300.png 300w, https:\/\/kingtaco.com\/wp-content\/uploads\/2021\/06\/Corporate-Icon-min-150x150.png 150w, https:\/\/kingtaco.com\/wp-content\/uploads\/2021\/06\/Corporate-Icon-min-12x12.png 12w, https:\/\/kingtaco.com\/wp-content\/uploads\/2021\/06\/Corporate-Icon-min-100x100.png 100w, https:\/\/kingtaco.com\/wp-content\/uploads\/2021\/06\/Corporate-Icon-min-140x140.png 140w, https:\/\/kingtaco.com\/wp-content\/uploads\/2021\/06\/Corporate-Icon-min-24x24.png 24w, https:\/\/kingtaco.com\/wp-content\/uploads\/2021\/06\/Corporate-Icon-min-36x36.png 36w, https:\/\/kingtaco.com\/wp-content\/uploads\/2021\/06\/Corporate-Icon-min-48x48.png 48w\" sizes=\"auto, (min-width: 1450px) 75vw, (min-width: 1000px) 85vw, 100vw\" \/>\r\n          <\/div>\r\n        <\/div>\r\n      <\/div>\r\n    <\/div><div class=\"divider-wrap\" data-alignment=\"default\"><div style=\"height: 25px;\" class=\"divider\"><\/div><\/div><a class=\"nectar-button jumbo regular accent-color  regular-button home-buttons\"  style=\"background-color: #fd4d2d;\"  href=\"\/corporate-positions\" data-color-override=\"#fd4d2d\" data-hover-color-override=\"false\" data-hover-text-color-override=\"#fff\"><span>APLICA HOY<\/span><\/a>\n\t\t\t<\/div> \n\t\t<\/div>\n\t<\/div> \n<\/div><\/div>","protected":false},"excerpt":{"rendered":"\u00danase a nuestro equipo Nuestra marca es profunda en los corazones de nuestros seguidores debido principalmente a la dedicaci\u00f3n y compromiso continuos de nuestros empleados. Nuestros Fundadores, Don Ra\u00fal y Do\u00f1a Lupe, ...","protected":false},"author":1,"featured_media":0,"parent":0,"menu_order":0,"comment_status":"closed","ping_status":"closed","template":"","meta":{"_monsterinsights_skip_tracking":false,"_monsterinsights_sitenote_active":false,"_monsterinsights_sitenote_note":"","_monsterinsights_sitenote_category":0,"footnotes":""},"class_list":["post-27","page","type-page","status-publish"],"aioseo_notices":[],"_links":{"self":[{"href":"https:\/\/kingtaco.com\/es\/wp-json\/wp\/v2\/pages\/27","targetHints":{"allow":["GET"]}}],"collection":[{"href":"https:\/\/kingtaco.com\/es\/wp-json\/wp\/v2\/pages"}],"about":[{"href":"https:\/\/kingtaco.com\/es\/wp-json\/wp\/v2\/types\/page"}],"author":[{"embeddable":true,"href":"https:\/\/kingtaco.com\/es\/wp-json\/wp\/v2\/users\/1"}],"replies":[{"embeddable":true,"href":"https:\/\/kingtaco.com\/es\/wp-json\/wp\/v2\/comments?post=27"}],"version-history":[{"count":69,"href":"https:\/\/kingtaco.com\/es\/wp-json\/wp\/v2\/pages\/27\/revisions"}],"predecessor-version":[{"id":2048,"href":"https:\/\/kingtaco.com\/es\/wp-json\/wp\/v2\/pages\/27\/revisions\/2048"}],"wp:attachment":[{"href":"https:\/\/kingtaco.com\/es\/wp-json\/wp\/v2\/media?parent=27"}],"curies":[{"name":"wp","href":"https:\/\/api.w.org\/{rel}","templated":true}]}}