{"id":31,"date":"2021-05-11T05:53:43","date_gmt":"2021-05-11T05:53:43","guid":{"rendered":"https:\/\/taco.saritasa.rocks\/?page_id=31"},"modified":"2025-03-19T23:26:17","modified_gmt":"2025-03-20T06:26:17","slug":"f-a-q","status":"publish","type":"page","link":"https:\/\/kingtaco.com\/es\/f-a-q\/","title":{"rendered":"Preguntas frecuentes"},"content":{"rendered":"<div id=\"fws_69e77e9d9b03a\"  data-column-margin=\"default\" data-midnight=\"dark\"  class=\"wpb_row vc_row-fluid vc_row full-width-content  vc_row-o-equal-height vc_row-flex  vc_row-o-content-top  faq-page right_padding_150px left_padding_150px top_padding_tablet_100px top_padding_phone_30px bottom_padding_tablet_100px bottom_padding_phone_30px right_padding_tablet_100px right_padding_phone_30px left_padding_tablet_100px left_padding_phone_30px\"  style=\"padding-top: 150px; padding-bottom: 150px; \"><div class=\"row-bg-wrap\" data-bg-animation=\"none\" data-bg-overlay=\"false\"><div class=\"inner-wrap\"><div class=\"row-bg using-bg-color\"  style=\"background-color: #ffe2ce; \"><\/div><\/div><\/div><div class=\"row_col_wrap_12 col span_12 dark left\">\n\t<div  class=\"vc_col-sm-12 wpb_column column_container vc_column_container col no-extra-padding inherit_tablet inherit_phone\"  data-padding-pos=\"all\" data-has-bg-color=\"false\" data-bg-color=\"\" data-bg-opacity=\"1\" data-animation=\"\" data-delay=\"0\" >\n\t\t<div class=\"vc_column-inner\" >\n\t\t\t<div class=\"wpb_wrapper\">\n\t\t\t\t<div style=\"font-size: 60px;color: #fd4d2d;line-height: 80px;text-align: left\" class=\"vc_custom_heading candy-font faq-page-title\" >Preguntas Frecuentes<\/div><div class=\"divider-wrap\" data-alignment=\"default\"><div style=\"margin-top: 50px; height: 10px; margin-bottom: 50px;\" data-width=\"100%\" data-animate=\"\" data-animation-delay=\"\" data-color=\"accent-color\" class=\"divider-border\"><\/div><\/div><div class=\"divider-wrap\" data-alignment=\"default\"><div style=\"height: 100px;\" class=\"divider\"><\/div><\/div><div class=\"toggles\" data-starting=\"default\" data-style=\"minimal_small\"><div class=\"toggle accent-color\" data-inner-wrap=\"true\"><h3><a href=\"#\"><i class=\"fa fa-plus-circle\"><\/i>\u00bfCu\u00e1l es la f\u00f3rmula secreta?<\/a><\/h3><div><div class=\"inner-toggle-wrap\">\r\n<div class=\"wpb_text_column wpb_content_element  faq-sections-text\" >\r\n\t<div class=\"wpb_wrapper\">\r\n\t\t<p>\u00a1Imitado pero nunca duplicado! Nuestra salsa roja y salsa verde, es una de las razones por las que los clientes nos aman. Estos son muy queridos para nosotros ya que son una receta familiar. Nadie m\u00e1s que la familia tiene esos ingredientes secretos y ellos mismos los preparan para ti.<\/p>\n\t<\/div>\r\n<\/div>\r\n\r\n\r\n\r\n<\/div><\/div><\/div><div class=\"toggle accent-color\" data-inner-wrap=\"true\"><h3><a href=\"#\"><i class=\"fa fa-plus-circle\"><\/i>\u00bfPueden dar m\u00e1s salsa?<\/a><\/h3><div><div class=\"inner-toggle-wrap\">\r\n<div class=\"wpb_text_column wpb_content_element  faq-sections-text\" >\r\n\t<div class=\"wpb_wrapper\">\r\n\t\t<p>We don&#8217;t deduct fees from our employees paycheck, but we do make a certain quantity per day. Additionally, due to increased costs we do have a salsa policy, with the option to purchase additional servings for 99\u00a2 each.<\/p>\n<p>3 tacos = 1 salsa<br \/>\n2 sopes = 1 salsa<br \/>\n1 burrito = 1 salsa<\/p>\n\t<\/div>\r\n<\/div>\r\n\r\n\r\n\r\n<\/div><\/div><\/div><div class=\"toggle accent-color\" data-inner-wrap=\"true\"><h3><a href=\"#\"><i class=\"fa fa-plus-circle\"><\/i>\u00bfPedidos por tel\u00e9fono?<\/a><\/h3><div><div class=\"inner-toggle-wrap\">\r\n<div class=\"wpb_text_column wpb_content_element  faq-sections-text\" >\r\n\t<div class=\"wpb_wrapper\">\r\n\t\t<p>Hacemos todo lo posible para acomodar pedidos telef\u00f3nicos durante las horas no pico. Tenga en cuenta que comenzamos a preparar su pedido telef\u00f3nico una vez que llegue a la ubicaci\u00f3n; esto garantiza que su pedido este fresco.<\/p>\n\t<\/div>\r\n<\/div>\r\n\r\n\r\n\r\n<\/div><\/div><\/div><div class=\"toggle accent-color\" data-inner-wrap=\"true\"><h3><a href=\"#\"><i class=\"fa fa-plus-circle\"><\/i>\u00bfOfrecen catering?<\/a><\/h3><div><div class=\"inner-toggle-wrap\">\r\n<div class=\"wpb_text_column wpb_content_element  faq-sections-text\" >\r\n\t<div class=\"wpb_wrapper\">\r\n\t\t<p>We do not offer catering services at this time.<\/p>\n\t<\/div>\r\n<\/div>\r\n\r\n\r\n\r\n<\/div><\/div><\/div><div class=\"toggle accent-color\" data-inner-wrap=\"true\"><h3><a href=\"#\"><i class=\"fa fa-plus-circle\"><\/i>Reembolsos?<\/a><\/h3><div><div class=\"inner-toggle-wrap\">\r\n<div class=\"wpb_text_column wpb_content_element  faq-sections-text\" >\r\n\t<div class=\"wpb_wrapper\">\r\n\t\t<p>Si recibimos mal tu pedido, no lo tire, traiga el (los) art\u00edculo(s) y el recibo a nuestra tienda y estaremos encantados de proporcionarle un reemplazo o reembolso.<\/p>\n\t<\/div>\r\n<\/div>\r\n\r\n\r\n\r\n<\/div><\/div><\/div><div class=\"toggle accent-color\" data-inner-wrap=\"true\"><h3><a href=\"#\"><i class=\"fa fa-plus-circle\"><\/i>\u00bfOfrece descuento?<\/a><\/h3><div><div class=\"inner-toggle-wrap\">\r\n<div class=\"wpb_text_column wpb_content_element  faq-sections-text\" >\r\n\t<div class=\"wpb_wrapper\">\r\n\t\t<p>Ofrecemos descuentos para militares, polic\u00edas y bomberos. Cuando visite a cualquiera de nuestras ubicaciones, mu\u00e9strenos su identificaci\u00f3n \/ credencial y puede elegir una de las siguientes combinaciones para 50%:<\/p>\n<p>1 burrito, 1 taco y una bebida grande<br \/>\n4 tacos y una bebida grande<br \/>\n2 sopes, 1 taco y una bebida grande<br \/>\n2 tamales, 1 taco y una bebida grande<br \/>\n1 quesadilla, 2 tacos y una bebida grande<\/p>\n\t<\/div>\r\n<\/div>\r\n\r\n\r\n\r\n<\/div><\/div><\/div><div class=\"toggle accent-color\" data-inner-wrap=\"true\"><h3><a href=\"#\"><i class=\"fa fa-plus-circle\"><\/i>\u00bfPedidos en l\u00ednea?<\/a><\/h3><div><div class=\"inner-toggle-wrap\">\r\n<div class=\"wpb_text_column wpb_content_element  faq-sections-text\" >\r\n\t<div class=\"wpb_wrapper\">\r\n\t\t<p>You asked, and we listened! Online ordering is now available at participating locations through our &#8216;King Taco Restaurant&#8217; app available in the App Store and Google Play.<\/p>\n\t<\/div>\r\n<\/div>\r\n\r\n\r\n\r\n<\/div><\/div><\/div><div class=\"toggle accent-color\" data-inner-wrap=\"true\"><h3><a href=\"#\"><i class=\"fa fa-plus-circle\"><\/i>\u00bfAlguna vez lo entregar\u00e1s?<\/a><\/h3><div><div class=\"inner-toggle-wrap\">\r\n<div class=\"wpb_text_column wpb_content_element  faq-sections-text\" >\r\n\t<div class=\"wpb_wrapper\">\r\n\t\t<p>You can order King Taco for delivery through Uber Eats &amp; Postmates at participating locations. Stay tuned for more to be added in the future!<\/p>\n\t<\/div>\r\n<\/div>\r\n\r\n\r\n\r\n<\/div><\/div><\/div><div class=\"toggle accent-color\" data-inner-wrap=\"true\"><h3><a href=\"#\"><i class=\"fa fa-plus-circle\"><\/i>\u00bfTienes mercanc\u00eda?<\/a><\/h3><div><div class=\"inner-toggle-wrap\">\r\n<div class=\"wpb_text_column wpb_content_element  faq-sections-text\" >\r\n\t<div class=\"wpb_wrapper\">\r\n\t\t<p>S\u00ed, puede comprar productos de King Taco en l\u00ednea visitando el enlace <u><a href=\"https:\/\/kingtaco.com\/shop\/\">aqu\u00ed<\/a><\/u>. Tenga en cuenta que la mercanc\u00eda no se vende en las tiendas.<\/p>\n\t<\/div>\r\n<\/div>\r\n\r\n\r\n\r\n<\/div><\/div><\/div><div class=\"toggle accent-color\" data-inner-wrap=\"true\"><h3><a href=\"#\"><i class=\"fa fa-plus-circle\"><\/i>\u00bfTarjetas de regalo?<\/a><\/h3><div><div class=\"inner-toggle-wrap\">\r\n<div class=\"wpb_text_column wpb_content_element  faq-sections-text\" >\r\n\t<div class=\"wpb_wrapper\">\r\n\t\t<p>\u00a1Hacemos! Puede comprarlos en la tienda (solo en efectivo). Las tarjetas de regalo son solo para compras en restaurantes, no para mercader\u00eda. Para consultar el saldo de tu tarjeta regalo visita el siguiente enlace <u><a href=\"https:\/\/heartlandgiftcard.com\/CheckBalance.aspx\">aqu\u00ed<\/a><\/u>.<\/p>\n\t<\/div>\r\n<\/div>\r\n\r\n\r\n\r\n<\/div><\/div><\/div><\/div>\r\n\r\n\r\n\r\n\r\n\r\n\r\n\r\n\r\n\r\n\r\n\r\n\r\n\r\n\r\n\r\n\r\n\r\n\r\n\r\n\n\t\t\t<\/div> \n\t\t<\/div>\n\t<\/div> \n<\/div><\/div>","protected":false},"excerpt":{"rendered":"Preguntas frecuentes \u00bfCu\u00e1l es la f\u00f3rmula secreta? \u00a1A menudo imitado, nunca duplicado! Nuestra salsa roja y salsa verde, es una de las razones por las que los clientes nos aman. Estos son muy queridos para nosotros ...","protected":false},"author":1,"featured_media":0,"parent":0,"menu_order":0,"comment_status":"closed","ping_status":"closed","template":"","meta":{"_monsterinsights_skip_tracking":false,"_monsterinsights_sitenote_active":false,"_monsterinsights_sitenote_note":"","_monsterinsights_sitenote_category":0,"footnotes":""},"class_list":["post-31","page","type-page","status-publish"],"aioseo_notices":[],"_links":{"self":[{"href":"https:\/\/kingtaco.com\/es\/wp-json\/wp\/v2\/pages\/31","targetHints":{"allow":["GET"]}}],"collection":[{"href":"https:\/\/kingtaco.com\/es\/wp-json\/wp\/v2\/pages"}],"about":[{"href":"https:\/\/kingtaco.com\/es\/wp-json\/wp\/v2\/types\/page"}],"author":[{"embeddable":true,"href":"https:\/\/kingtaco.com\/es\/wp-json\/wp\/v2\/users\/1"}],"replies":[{"embeddable":true,"href":"https:\/\/kingtaco.com\/es\/wp-json\/wp\/v2\/comments?post=31"}],"version-history":[{"count":37,"href":"https:\/\/kingtaco.com\/es\/wp-json\/wp\/v2\/pages\/31\/revisions"}],"predecessor-version":[{"id":2886,"href":"https:\/\/kingtaco.com\/es\/wp-json\/wp\/v2\/pages\/31\/revisions\/2886"}],"wp:attachment":[{"href":"https:\/\/kingtaco.com\/es\/wp-json\/wp\/v2\/media?parent=31"}],"curies":[{"name":"wp","href":"https:\/\/api.w.org\/{rel}","templated":true}]}}