{"id":9,"date":"2021-05-11T05:20:35","date_gmt":"2021-05-11T05:20:35","guid":{"rendered":"https:\/\/taco.saritasa.rocks\/?page_id=9"},"modified":"2024-07-29T16:46:35","modified_gmt":"2024-07-29T23:46:35","slug":"menu","status":"publish","type":"page","link":"https:\/\/kingtaco.com\/es\/menu\/","title":{"rendered":"Men\u00fa"},"content":{"rendered":"<div id=\"fws_69e9058223b91\"  data-column-margin=\"default\" data-midnight=\"dark\"  class=\"wpb_row vc_row-fluid vc_row full-width-content  vc_row-o-equal-height vc_row-flex  vc_row-o-content-top\"  style=\"padding-top: 0px; padding-bottom: 0px; \"><div class=\"row-bg-wrap\" data-bg-animation=\"none\" data-bg-overlay=\"false\"><div class=\"inner-wrap\"><div class=\"row-bg\"  style=\"\"><\/div><\/div><\/div><div class=\"row_col_wrap_12 col span_12 dark center\">\n\t<div  class=\"vc_col-sm-12 wpb_column column_container vc_column_container col centered-text no-extra-padding inherit_tablet inherit_phone\"  data-padding-pos=\"all\" data-has-bg-color=\"false\" data-bg-color=\"\" data-bg-opacity=\"1\" data-animation=\"\" data-delay=\"0\" >\n\t\t<div class=\"vc_column-inner\" >\n\t\t\t<div class=\"wpb_wrapper\">\n\t\t\t\t<div class=\"img-with-aniamtion-wrap center\" data-max-width=\"none\" data-max-width-mobile=\"default\" data-shadow=\"none\" data-animation=\"fade-in\" >\r\n      <div class=\"inner\">\r\n        <div class=\"hover-wrap\"> \r\n          <div class=\"hover-wrap-inner\">\r\n            <img loading=\"lazy\" decoding=\"async\" class=\"img-with-animation skip-lazy\" data-delay=\"0\" height=\"702\" width=\"1493\" data-animation=\"fade-in\" src=\"https:\/\/kingtaco.com\/wp-content\/uploads\/2021\/05\/FULL-Photo-KT-1-min.jpg\" alt=\"An image of the King Taco #1 location in Cypress Park\" srcset=\"https:\/\/kingtaco.com\/wp-content\/uploads\/2021\/05\/FULL-Photo-KT-1-min.jpg 1493w, https:\/\/kingtaco.com\/wp-content\/uploads\/2021\/05\/FULL-Photo-KT-1-min-300x141.jpg 300w, https:\/\/kingtaco.com\/wp-content\/uploads\/2021\/05\/FULL-Photo-KT-1-min-1024x481.jpg 1024w, https:\/\/kingtaco.com\/wp-content\/uploads\/2021\/05\/FULL-Photo-KT-1-min-768x361.jpg 768w, https:\/\/kingtaco.com\/wp-content\/uploads\/2021\/05\/FULL-Photo-KT-1-min-24x11.jpg 24w, https:\/\/kingtaco.com\/wp-content\/uploads\/2021\/05\/FULL-Photo-KT-1-min-36x17.jpg 36w, https:\/\/kingtaco.com\/wp-content\/uploads\/2021\/05\/FULL-Photo-KT-1-min-48x23.jpg 48w\" sizes=\"auto, (min-width: 1450px) 75vw, (min-width: 1000px) 85vw, 100vw\" \/>\r\n          <\/div>\r\n        <\/div>\r\n      <\/div>\r\n    <\/div>\n\t\t\t<\/div> \n\t\t<\/div>\n\t<\/div> \n<\/div><\/div>\r\n\t\t<div id=\"fws_69e9058224983\"  data-column-margin=\"default\" data-midnight=\"dark\"  class=\"wpb_row vc_row-fluid vc_row full-width-content  vc_row-o-equal-height vc_row-flex   right_padding_150px left_padding_150px top_padding_tablet_85px top_padding_phone_50px bottom_padding_tablet_0px bottom_padding_phone_0px right_padding_tablet_100px right_padding_phone_30px left_padding_tablet_100px left_padding_phone_30px\"  style=\"padding-top: 120px; padding-bottom: 40px; \"><div class=\"row-bg-wrap\" data-bg-animation=\"none\" data-bg-overlay=\"false\"><div class=\"inner-wrap\"><div class=\"row-bg using-bg-color\"  style=\"background-color: #ffe2ce; \"><\/div><\/div><\/div><div class=\"row_col_wrap_12 col span_12 dark left\">\n\t<div  class=\"vc_col-sm-4 wpb_column column_container vc_column_container col centered-text padding-2-percent top_margin_tablet_25px top_margin_phone_10px bottom_margin_tablet_25px bottom_margin_phone_10px no-extra-padding_tablet no-extra-padding_phone\"  data-padding-pos=\"right\" data-has-bg-color=\"false\" data-bg-color=\"\" data-bg-opacity=\"1\" data-animation=\"\" data-delay=\"0\" >\n\t\t<div class=\"vc_column-inner\" >\n\t\t\t<div class=\"wpb_wrapper\">\n\t\t\t\t<a class=\"nectar-button jumbo see-through accent-color menu-buttons\"  style=\"\"  href=\"\/food\/tacos\" data-color-override=\"false\" data-hover-color-override=\"false\" data-hover-text-color-override=\"#fff\"><span>TACOS<\/span><\/a>\n\t\t\t<\/div> \n\t\t<\/div>\n\t<\/div> \n\n\t<div  class=\"vc_col-sm-4 wpb_column column_container vc_column_container col centered-text padding-2-percent top_margin_tablet_25px top_margin_phone_10px bottom_margin_tablet_25px bottom_margin_phone_10px no-extra-padding_tablet no-extra-padding_phone\"  data-padding-pos=\"left-right\" data-has-bg-color=\"false\" data-bg-color=\"\" data-bg-opacity=\"1\" data-animation=\"\" data-delay=\"0\" >\n\t\t<div class=\"vc_column-inner\" >\n\t\t\t<div class=\"wpb_wrapper\">\n\t\t\t\t<a class=\"nectar-button jumbo see-through accent-color menu-buttons\"  style=\"\"  href=\"\/food\/burritos\" data-color-override=\"false\" data-hover-color-override=\"false\" data-hover-text-color-override=\"#fff\"><span>BURRITOS<\/span><\/a>\n\t\t\t<\/div> \n\t\t<\/div>\n\t<\/div> \n\n\t<div  class=\"vc_col-sm-4 wpb_column column_container vc_column_container col centered-text no-extra-padding inherit_tablet inherit_phone\"  data-padding-pos=\"all\" data-has-bg-color=\"false\" data-bg-color=\"\" data-bg-opacity=\"1\" data-animation=\"\" data-delay=\"0\" >\n\t\t<div class=\"vc_column-inner\" >\n\t\t\t<div class=\"wpb_wrapper\">\n\t\t\t\t<a class=\"nectar-button jumbo see-through accent-color menu-buttons\"  style=\"\"  href=\"\/food\/tamales\/\" data-color-override=\"false\" data-hover-color-override=\"false\" data-hover-text-color-override=\"#fff\"><span>TAMALES<\/span><\/a>\n\t\t\t<\/div> \n\t\t<\/div>\n\t<\/div> \n<\/div><\/div>\r\n\t\t<div id=\"fws_69e9058224f51\"  data-column-margin=\"default\" data-midnight=\"dark\"  class=\"wpb_row vc_row-fluid vc_row full-width-content  vc_row-o-equal-height vc_row-flex   right_padding_150px left_padding_150px top_padding_tablet_25px top_padding_phone_10px bottom_padding_tablet_25px bottom_padding_phone_10px right_padding_tablet_100px right_padding_phone_30px left_padding_tablet_100px left_padding_phone_30px\"  style=\"padding-top: 40px; padding-bottom: 40px; \"><div class=\"row-bg-wrap\" data-bg-animation=\"none\" data-bg-overlay=\"false\"><div class=\"inner-wrap\"><div class=\"row-bg using-bg-color\"  style=\"background-color: #ffe2ce; \"><\/div><\/div><\/div><div class=\"row_col_wrap_12 col span_12 dark left\">\n\t<div  class=\"vc_col-sm-4 wpb_column column_container vc_column_container col centered-text padding-2-percent top_margin_tablet_25px top_margin_phone_10px bottom_margin_tablet_25px bottom_margin_phone_10px no-extra-padding_tablet no-extra-padding_phone\"  data-padding-pos=\"right\" data-has-bg-color=\"false\" data-bg-color=\"\" data-bg-opacity=\"1\" data-animation=\"\" data-delay=\"0\" >\n\t\t<div class=\"vc_column-inner\" >\n\t\t\t<div class=\"wpb_wrapper\">\n\t\t\t\t<a class=\"nectar-button jumbo see-through accent-color menu-buttons\"  style=\"\"  href=\"\/food\/nachos\/\" data-color-override=\"false\" data-hover-color-override=\"false\" data-hover-text-color-override=\"#fff\"><span>NACHOS<\/span><\/a>\n\t\t\t<\/div> \n\t\t<\/div>\n\t<\/div> \n\n\t<div  class=\"vc_col-sm-4 wpb_column column_container vc_column_container col centered-text padding-2-percent top_margin_tablet_25px top_margin_phone_10px bottom_margin_tablet_25px bottom_margin_phone_10px no-extra-padding_tablet no-extra-padding_phone\"  data-padding-pos=\"left-right\" data-has-bg-color=\"false\" data-bg-color=\"\" data-bg-opacity=\"1\" data-animation=\"\" data-delay=\"0\" >\n\t\t<div class=\"vc_column-inner\" >\n\t\t\t<div class=\"wpb_wrapper\">\n\t\t\t\t<a class=\"nectar-button jumbo see-through accent-color menu-buttons\"  style=\"\"  href=\"\/food\/quesadillas\/\" data-color-override=\"false\" data-hover-color-override=\"false\" data-hover-text-color-override=\"#fff\"><span>QUESADILLAS<\/span><\/a>\n\t\t\t<\/div> \n\t\t<\/div>\n\t<\/div> \n\n\t<div  class=\"vc_col-sm-4 wpb_column column_container vc_column_container col centered-text no-extra-padding inherit_tablet inherit_phone\"  data-padding-pos=\"all\" data-has-bg-color=\"false\" data-bg-color=\"\" data-bg-opacity=\"1\" data-animation=\"\" data-delay=\"0\" >\n\t\t<div class=\"vc_column-inner\" >\n\t\t\t<div class=\"wpb_wrapper\">\n\t\t\t\t<a class=\"nectar-button jumbo see-through accent-color menu-buttons\"  style=\"\"  href=\"\/food\/sopes\/\" data-color-override=\"false\" data-hover-color-override=\"false\" data-hover-text-color-override=\"#fff\"><span>SOPES<\/span><\/a>\n\t\t\t<\/div> \n\t\t<\/div>\n\t<\/div> \n<\/div><\/div>\r\n\t\t<div id=\"fws_69e905822537e\"  data-column-margin=\"default\" data-midnight=\"dark\"  class=\"wpb_row vc_row-fluid vc_row full-width-content  vc_row-o-equal-height vc_row-flex   right_padding_150px left_padding_150px right_padding_tablet_125px right_padding_phone_45px left_padding_tablet_125px left_padding_phone_45px\"  style=\"padding-top: 40px; padding-bottom: 40px; \"><div class=\"row-bg-wrap\" data-bg-animation=\"none\" data-bg-overlay=\"true\"><div class=\"inner-wrap\"><div class=\"row-bg using-bg-color\"  style=\"background-color: #ffe2ce; \"><\/div><\/div><div class=\"row-bg-overlay\" style=\"background: #ffe2ce; background: linear-gradient(90deg,#ffe2ce 0%,#ffe2ce 100%);  opacity: 0.3; \"><\/div><\/div><div class=\"row_col_wrap_12 col span_12 dark left\">\n\t<div  class=\"vc_col-sm-6 wpb_column column_container vc_column_container col centered-text padding-2-percent inherit_tablet inherit_phone\"  data-padding-pos=\"right\" data-has-bg-color=\"false\" data-bg-color=\"\" data-bg-opacity=\"1\" data-animation=\"\" data-delay=\"0\" >\n\t\t<div class=\"vc_column-inner\" >\n\t\t\t<div class=\"wpb_wrapper\">\n\t\t\t\t<a class=\"nectar-button jumbo see-through accent-color menu-buttons\"  style=\"\"  href=\"\/food\/rotisserie\/\" data-color-override=\"false\" data-hover-color-override=\"false\" data-hover-text-color-override=\"#fff\"><span>POLLO ROSTIZADO<\/span><\/a>\n\t\t\t<\/div> \n\t\t<\/div>\n\t<\/div> \n\n\t<div  class=\"vc_col-sm-6 wpb_column column_container vc_column_container col centered-text padding-2-percent inherit_tablet inherit_phone\"  data-padding-pos=\"left-right\" data-has-bg-color=\"false\" data-bg-color=\"\" data-bg-opacity=\"1\" data-animation=\"\" data-delay=\"0\" >\n\t\t<div class=\"vc_column-inner\" >\n\t\t\t<div class=\"wpb_wrapper\">\n\t\t\t\t<a class=\"nectar-button jumbo see-through accent-color menu-buttons\"  style=\"\"  href=\"\/food\/beverages\/\" data-color-override=\"false\" data-hover-color-override=\"false\" data-hover-text-color-override=\"#fff\"><span>BEBIDAS<\/span><\/a>\n\t\t\t<\/div> \n\t\t<\/div>\n\t<\/div> \n<\/div><\/div>\r\n\t\t<div id=\"fws_69e9058225633\"  data-column-margin=\"default\" data-midnight=\"dark\"  class=\"wpb_row vc_row-fluid vc_row full-width-section\"  style=\"padding-top: 0px; padding-bottom: 0px; \"><div class=\"row-bg-wrap\" data-bg-animation=\"none\" data-bg-overlay=\"false\"><div class=\"inner-wrap\"><div class=\"row-bg using-bg-color\"  style=\"background-color: #ffe2ce; \"><\/div><\/div><\/div><div class=\"row_col_wrap_12 col span_12 dark left\">\n\t<div style=\"\" class=\"vc_col-sm-12 wpb_column column_container vc_column_container col no-extra-padding inherit_tablet inherit_phone\" data-using-bg=\"true\" data-padding-pos=\"all\" data-has-bg-color=\"true\" data-bg-color=\"#ffe2ce\" data-bg-opacity=\"1\" data-animation=\"\" data-delay=\"0\" >\n\t\t<div class=\"vc_column-inner\" ><div class=\"column-bg-overlay-wrap\" data-bg-animation=\"none\"><div class=\"column-bg-overlay\" style=\"opacity: 1; background-color: #ffe2ce;\"><\/div><\/div>\n\t\t\t<div class=\"wpb_wrapper\">\n\t\t\t\t\r\n<div class=\"wpb_text_column wpb_content_element\" >\r\n\t<div class=\"wpb_wrapper\">\r\n\t\t<p>* Opciones del men\u00fa var\u00edan seg\u00fan la localidad.<\/p>\n\t<\/div>\r\n<\/div>\r\n\r\n\r\n\r\n\n\t\t\t<\/div> \n\t\t<\/div>\n\t<\/div> \n<\/div><\/div>\r\n\t\t<div id=\"fws_69e9058225875\"  data-column-margin=\"default\" data-midnight=\"dark\"  class=\"wpb_row vc_row-fluid vc_row full-width-section\"  style=\"padding-top: 0px; padding-bottom: 0px; \"><div class=\"row-bg-wrap\" data-bg-animation=\"none\" data-bg-overlay=\"false\"><div class=\"inner-wrap\"><div class=\"row-bg using-bg-color\"  style=\"background-color: #ffe2ce; \"><\/div><\/div><\/div><div class=\"row_col_wrap_12 col span_12 dark left\">\n\t<div  class=\"vc_col-sm-6 wpb_column column_container vc_column_container col no-extra-padding inherit_tablet inherit_phone\"  data-padding-pos=\"all\" data-has-bg-color=\"false\" data-bg-color=\"\" data-bg-opacity=\"1\" data-animation=\"\" data-delay=\"0\" >\n\t\t<div class=\"vc_column-inner\" >\n\t\t\t<div class=\"wpb_wrapper\">\n\t\t\t\t<div class=\"col span_12 section-title text-align-center extra-padding\"><h2>Order on Uber Eats <a href=\"https:\/\/www.ubereats.com\/store\/king-taco-%238\/ZHfOjM36XneAnuIQxt8FHA?diningMode=PICKUP\">HERE<\/a><\/p>\n<div class=\"wp-block-image\"><img loading=\"lazy\" decoding=\"async\" class=\"wpa-warning wpa-image-missing-alt wp-image-2399 aligncenter\" src=\"https:\/\/kingtaco.com\/wp-content\/uploads\/2024\/07\/Image.jpeg\" alt=\"\" width=\"117\" height=\"100\" data-warning=\"Missing alt text\" srcset=\"https:\/\/kingtaco.com\/wp-content\/uploads\/2024\/07\/Image.jpeg 792w, https:\/\/kingtaco.com\/wp-content\/uploads\/2024\/07\/Image-300x256.jpeg 300w, https:\/\/kingtaco.com\/wp-content\/uploads\/2024\/07\/Image-768x655.jpeg 768w, https:\/\/kingtaco.com\/wp-content\/uploads\/2024\/07\/Image-14x12.jpeg 14w, https:\/\/kingtaco.com\/wp-content\/uploads\/2024\/07\/Image-24x20.jpeg 24w, https:\/\/kingtaco.com\/wp-content\/uploads\/2024\/07\/Image-36x31.jpeg 36w, https:\/\/kingtaco.com\/wp-content\/uploads\/2024\/07\/Image-48x41.jpeg 48w\" sizes=\"auto, (max-width: 117px) 100vw, 117px\" \/><\/div>\n<\/h2><\/div><div class=\"clear\"><\/div>\n\t\t\t<\/div> \n\t\t<\/div>\n\t<\/div> \n\n\t<div  class=\"vc_col-sm-6 wpb_column column_container vc_column_container col no-extra-padding inherit_tablet inherit_phone\"  data-padding-pos=\"all\" data-has-bg-color=\"false\" data-bg-color=\"\" data-bg-opacity=\"1\" data-animation=\"\" data-delay=\"0\" >\n\t\t<div class=\"vc_column-inner\" >\n\t\t\t<div class=\"wpb_wrapper\">\n\t\t\t\t<div class=\"col span_12 section-title text-align-center extra-padding\"><h2>Order on Postmates <a href=\"https:\/\/postmates.com\/store\/king-taco-%238\/ZHfOjM36XneAnuIQxt8FHA?diningMode=DELIVERY\">HERE<\/a><\/p>\n<div class=\"wp-block-image\"><img loading=\"lazy\" decoding=\"async\" class=\"wpa-warning wpa-image-missing-alt aligncenter wp-image-2447\" src=\"https:\/\/kingtaco.com\/wp-content\/uploads\/2024\/07\/image.png\" alt=\"\" width=\"100\" height=\"100\" data-warning=\"Missing alt text\" srcset=\"https:\/\/kingtaco.com\/wp-content\/uploads\/2024\/07\/image.png 512w, https:\/\/kingtaco.com\/wp-content\/uploads\/2024\/07\/image-300x300.png 300w, https:\/\/kingtaco.com\/wp-content\/uploads\/2024\/07\/image-150x150.png 150w, https:\/\/kingtaco.com\/wp-content\/uploads\/2024\/07\/image-12x12.png 12w, https:\/\/kingtaco.com\/wp-content\/uploads\/2024\/07\/image-100x100.png 100w, https:\/\/kingtaco.com\/wp-content\/uploads\/2024\/07\/image-140x140.png 140w, https:\/\/kingtaco.com\/wp-content\/uploads\/2024\/07\/image-500x500.png 500w, https:\/\/kingtaco.com\/wp-content\/uploads\/2024\/07\/image-350x350.png 350w, https:\/\/kingtaco.com\/wp-content\/uploads\/2024\/07\/image-24x24.png 24w, https:\/\/kingtaco.com\/wp-content\/uploads\/2024\/07\/image-36x36.png 36w, https:\/\/kingtaco.com\/wp-content\/uploads\/2024\/07\/image-48x48.png 48w\" sizes=\"auto, (max-width: 100px) 100vw, 100px\" \/><\/div>\n<\/h2><\/div><div class=\"clear\"><\/div>\n\t\t\t<\/div> \n\t\t<\/div>\n\t<\/div> \n<\/div><\/div>","protected":false},"excerpt":{"rendered":"TACOS BURRITOS TAMALES NACHOS QUESADILLAS SOPES ROTISSERIE CHICKEN BEVERAGES *Menu options vary by location. Order on Uber Eats HERE Order on Postmates HERE","protected":false},"author":1,"featured_media":0,"parent":0,"menu_order":0,"comment_status":"closed","ping_status":"closed","template":"","meta":{"_monsterinsights_skip_tracking":false,"_monsterinsights_sitenote_active":false,"_monsterinsights_sitenote_note":"","_monsterinsights_sitenote_category":0,"footnotes":""},"class_list":["post-9","page","type-page","status-publish"],"aioseo_notices":[],"_links":{"self":[{"href":"https:\/\/kingtaco.com\/es\/wp-json\/wp\/v2\/pages\/9","targetHints":{"allow":["GET"]}}],"collection":[{"href":"https:\/\/kingtaco.com\/es\/wp-json\/wp\/v2\/pages"}],"about":[{"href":"https:\/\/kingtaco.com\/es\/wp-json\/wp\/v2\/types\/page"}],"author":[{"embeddable":true,"href":"https:\/\/kingtaco.com\/es\/wp-json\/wp\/v2\/users\/1"}],"replies":[{"embeddable":true,"href":"https:\/\/kingtaco.com\/es\/wp-json\/wp\/v2\/comments?post=9"}],"version-history":[{"count":149,"href":"https:\/\/kingtaco.com\/es\/wp-json\/wp\/v2\/pages\/9\/revisions"}],"predecessor-version":[{"id":2517,"href":"https:\/\/kingtaco.com\/es\/wp-json\/wp\/v2\/pages\/9\/revisions\/2517"}],"wp:attachment":[{"href":"https:\/\/kingtaco.com\/es\/wp-json\/wp\/v2\/media?parent=9"}],"curies":[{"name":"wp","href":"https:\/\/api.w.org\/{rel}","templated":true}]}}